{"id":3414,"date":"1970-01-01T00:00:00","date_gmt":"1970-01-01T00:00:00","guid":{"rendered":"http:\/\/edizionicarrara.it\/?product=messa-di-ratisbona"},"modified":"1970-01-01T00:00:00","modified_gmt":"1970-01-01T00:00:00","slug":"messa-di-ratisbona","status":"publish","type":"product","link":"https:\/\/edizionicarrara.it\/en\/score\/messa-di-ratisbona\/","title":{"rendered":"Messa di Ratisbona"},"content":{"rendered":"<div>La MESSA DI RATISBONA \u00e8 stata composta per l&#8217;occasione particolarmente del concerto del 23 gennaio 2015 organizzato dalla Hochschule f\u00fcr katholische Kirchenmusik &#038; Musikp\u00e4dagogik a Regensburg (Ratisbona &#8211; Germania).<br \/>\nEssa adotta alcune differenti disposizioni rispetto alla tradizionale impostazione della musica corale: ovvero, redistribuisce e spazializza l&#8217;organico vocale rinunciando di proposito al naturale raggruppamento delle voci in base alla loro tessitura e qualit\u00e0 timbrica.<br \/>\nPer ogni esecuzione, si raccomanda uno studio attendo degli spazi in cui viene proposta la presente composizione (in modo da integrare le potenzialit\u00e0 architettoniche all&#8217;esecuzione musicale), e una distribuzione corale omogenea; ogni coro dovrebbe contenere sia voci femminili che voci maschili (per esempio: 1\u00b0 coro = soprani I e tenori I; 2\u00b0 coro = soprani II e tenori II; 3\u00b0 coro = contralti I e bassi I; 4\u00b0 coro = contralti II e bassi II). Nel caso ci\u00f2 non fosse possibile, \u00e8 consentito l&#8217;impiego di tutte voci uguali per ogni coro (tutti i cori con voci femminili, oppure maschili). Ci\u00f2 che non \u00e8 assolutamente previsto \u00e8 quello di destinare il 1\u00b0 coro ai soprani, il 2\u00b0 coro ai contralti, il 3\u00b0 coro ai tenori e l&#8217;ultimo coro ai bassi!<\/div>\n<div>\u00a0<\/div>\n<div><iframe loading=\"lazy\" frameborder=\"0\" height=\"180\" src=\"\/\/www.youtube.com\/embed\/y6rwqN010yE?wmode=transparent\" width=\"220\"><\/iframe><\/div>\n","protected":false},"excerpt":{"rendered":"<p>per quattro cori all&#8217;unisono e organo<\/p>\n","protected":false},"featured_media":3415,"template":"","meta":{"_kad_blocks_custom_css":"","_kad_blocks_head_custom_js":"","_kad_blocks_body_custom_js":"","_kad_blocks_footer_custom_js":"","_kadence_starter_templates_imported_post":false,"_kad_post_transparent":"","_kad_post_title":"","_kad_post_layout":"","_kad_post_sidebar_id":"","_kad_post_content_style":"","_kad_post_vertical_padding":"","_kad_post_feature":"","_kad_post_feature_position":"","_kad_post_header":false,"_kad_post_footer":false,"_kad_post_classname":""},"product_brand":[],"product_cat":[20],"product_tag":[],"class_list":{"0":"post-3414","1":"product","2":"type-product","3":"status-publish","4":"has-post-thumbnail","6":"product_cat-score","7":"pa_authorname-putignano-biagio","8":"pa_codeedition-ec5395","9":"pa_codeismn-979-0-2157-5395-2","10":"pa_contents-indice1-avanti-la-messa-su-laudate-dominum-omnes-gentes2-kyrie-su-kyrie-viii-de-angelis3-gloria4-dopo-lepistola-su-veni-creator5-sanctus-et-benedictus6-agnus-dei","11":"pa_editor-carrara","12":"pa_genres-8-v-org76vocale-a-5","13":"pa_pages-77","14":"pa_publishyear-2094","15":"pa_subgenres-sacra-liturgica","16":"pa_versionculture-global","17":"pa_versionname-36","18":"post","20":"first","21":"instock","22":"shipping-taxable","23":"purchasable","24":"product-type-simple","25":"entry","26":"content-bg","27":"loop-entry"},"taxonomy_info":{"product_cat":[{"value":20,"label":"Partiture"}],"pa_authorname":[{"value":6364,"label":"PUTIGNANO Biagio"}],"pa_codeedition":[{"value":6365,"label":"EC5395"}],"pa_codeismn":[{"value":6366,"label":"979-0-2157-5395-2"}],"pa_contents":[{"value":6367,"label":"<div>INDICE<\/div>\r\n\r\n<div>1 - Avanti la Messa su <em>Laudate Dominum omnes gentes<\/em><\/div>\r\n\r\n<div>2 - Kyrie su <em>Kyrie VIII<\/em> (<em>De Angelis<\/em>)<\/div>\r\n\r\n<div>3 - Gloria<\/div>\r\n\r\n<div>4 - D"}],"pa_editor":[{"value":28,"label":"Carrara"}],"pa_genres":[{"value":93,"label":"8 v. - Org.,7,6,Vocale a 5"}],"pa_pages":[{"value":77,"label":"28"}],"pa_publishyear":[{"value":2094,"label":"2014"}],"pa_subgenres":[{"value":72,"label":"Sacra Liturgica"}],"pa_versionculture":[{"value":37,"label":"Global"}],"pa_versionname":[{"value":36,"label":"01"}]},"featured_image_src_large":["https:\/\/edizionicarrara.it\/wp-content\/uploads\/nc\/images\/180-250-fix\/db4af921-ec42-4ea0-925a-d2f18570031a.jpeg",172,250,false],"author_info":[],"comment_info":"","_links":{"self":[{"href":"https:\/\/edizionicarrara.it\/en\/wp-json\/wp\/v2\/product\/3414","targetHints":{"allow":["GET"]}}],"collection":[{"href":"https:\/\/edizionicarrara.it\/en\/wp-json\/wp\/v2\/product"}],"about":[{"href":"https:\/\/edizionicarrara.it\/en\/wp-json\/wp\/v2\/types\/product"}],"wp:featuredmedia":[{"embeddable":true,"href":"https:\/\/edizionicarrara.it\/en\/wp-json\/wp\/v2\/media\/3415"}],"wp:attachment":[{"href":"https:\/\/edizionicarrara.it\/en\/wp-json\/wp\/v2\/media?parent=3414"}],"wp:term":[{"taxonomy":"product_brand","embeddable":true,"href":"https:\/\/edizionicarrara.it\/en\/wp-json\/wp\/v2\/product_brand?post=3414"},{"taxonomy":"product_cat","embeddable":true,"href":"https:\/\/edizionicarrara.it\/en\/wp-json\/wp\/v2\/product_cat?post=3414"},{"taxonomy":"product_tag","embeddable":true,"href":"https:\/\/edizionicarrara.it\/en\/wp-json\/wp\/v2\/product_tag?post=3414"}],"curies":[{"name":"wp","href":"https:\/\/api.w.org\/{rel}","templated":true}]}}