{"id":3440,"date":"1970-01-01T00:00:00","date_gmt":"1970-01-01T00:00:00","guid":{"rendered":"http:\/\/edizionicarrara.it\/?product=graduale-semplice-vol-09"},"modified":"1970-01-01T00:00:00","modified_gmt":"1970-01-01T00:00:00","slug":"graduale-semplice-vol-09","status":"publish","type":"product","link":"https:\/\/edizionicarrara.it\/en\/score\/graduale-semplice-vol-09\/","title":{"rendered":"Graduale Semplice &#8211; Vol. 09"},"content":{"rendered":"<div>Il IX volume del Graduale Semplice \u00e8 dedicato al Comune dei Santi. Spesso caratterizzato da testi non adatti o volutamente generici, l\u2019apporto del repertorio in lingua italiana dedicato a tali celebrazioni e diffuso comunemente nelle nostre parrocchie \u00e8 parecchio deficitario in qualit\u00e0 e quantit\u00e0. Le ricchezze del Graduale e del Messale non sono prese in considerazione, lasciando che canti tuttofare riempiano gli spazi vuoti. Ritornando alle fonti e lasciando che le proposte testuali dei salmi, nella selezione operata dal Graduale simplex, siano esse stesse letture mistagogiche delle memorie e delle feste degli \u201camici di Dio\u201d, pensiamo di fare cosa non solo gradita ma anche doverosa.<\/div>\n","protected":false},"excerpt":{"rendered":"<p>Comune dei Santi<\/p>\n","protected":false},"featured_media":3441,"template":"","meta":{"_kad_blocks_custom_css":"","_kad_blocks_head_custom_js":"","_kad_blocks_body_custom_js":"","_kad_blocks_footer_custom_js":"","_kadence_starter_templates_imported_post":false,"_kad_post_transparent":"","_kad_post_title":"","_kad_post_layout":"","_kad_post_sidebar_id":"","_kad_post_content_style":"","_kad_post_vertical_padding":"","_kad_post_feature":"","_kad_post_feature_position":"","_kad_post_header":false,"_kad_post_footer":false,"_kad_post_classname":""},"product_brand":[],"product_cat":[20],"product_tag":[],"class_list":{"0":"post-3440","1":"product","2":"type-product","3":"status-publish","4":"has-post-thumbnail","6":"product_cat-score","7":"pa_authorname-aavv","8":"pa_codeedition-ec5365","9":"pa_codeismn-979-0-2157-5365-5","10":"pa_contents-commune-sanctorumdi-sessantini-gilbertocomune-dei-santiintroito-i-di-del-prete-luigiintroito-idi-militello-sergiointroito-iidi-militello-sergiosalmo-respons","11":"pa_curator-sessantini-g-vessia-gn","12":"pa_editor-carrara","13":"pa_genres-vocale-a-1-v-org","14":"pa_pages-84","15":"pa_publishyear-6386","16":"pa_series-graduale-semplice","17":"pa_subgenres-sacra-liturgica","18":"pa_versionculture-global","19":"pa_versionname-36","20":"post","22":"first","23":"instock","24":"shipping-taxable","25":"purchasable","26":"product-type-simple","27":"entry","28":"content-bg","29":"loop-entry"},"taxonomy_info":{"product_cat":[{"value":20,"label":"Partiture"}],"pa_authorname":[{"value":118,"label":"AA.VV."}],"pa_codeedition":[{"value":6407,"label":"EC5365"}],"pa_codeismn":[{"value":6408,"label":"979-0-2157-5365-5"}],"pa_contents":[{"value":6409,"label":"<div><strong>Commune Sanctorum\u00a0<\/strong>di Sessantini Gilberto<\/div>\r\n\r\n<div><strong>Comune dei Santi\u00a0<\/strong><\/div>\r\n\r\n<div><strong>Introito I<\/strong> di Del Prete Luigi<\/div>\r\n\r\n<div><strong>Intro"}],"pa_curator":[{"value":5823,"label":"Sessantini G.\/ Vessia G.N."}],"pa_editor":[{"value":28,"label":"Carrara"}],"pa_genres":[{"value":1251,"label":"Vocale a 1 v. - Org."}],"pa_pages":[{"value":84,"label":"40"}],"pa_publishyear":[{"value":6386,"label":"2015"}],"pa_series":[{"value":2864,"label":"Graduale semplice"}],"pa_subgenres":[{"value":72,"label":"Sacra Liturgica"}],"pa_versionculture":[{"value":37,"label":"Global"}],"pa_versionname":[{"value":36,"label":"01"}]},"featured_image_src_large":["https:\/\/edizionicarrara.it\/wp-content\/uploads\/nc\/images\/180-250-fix\/59a0d06d-2c53-4056-8f74-9a30aeca0b5f.jpeg",172,250,false],"author_info":[],"comment_info":"","_links":{"self":[{"href":"https:\/\/edizionicarrara.it\/en\/wp-json\/wp\/v2\/product\/3440","targetHints":{"allow":["GET"]}}],"collection":[{"href":"https:\/\/edizionicarrara.it\/en\/wp-json\/wp\/v2\/product"}],"about":[{"href":"https:\/\/edizionicarrara.it\/en\/wp-json\/wp\/v2\/types\/product"}],"wp:featuredmedia":[{"embeddable":true,"href":"https:\/\/edizionicarrara.it\/en\/wp-json\/wp\/v2\/media\/3441"}],"wp:attachment":[{"href":"https:\/\/edizionicarrara.it\/en\/wp-json\/wp\/v2\/media?parent=3440"}],"wp:term":[{"taxonomy":"product_brand","embeddable":true,"href":"https:\/\/edizionicarrara.it\/en\/wp-json\/wp\/v2\/product_brand?post=3440"},{"taxonomy":"product_cat","embeddable":true,"href":"https:\/\/edizionicarrara.it\/en\/wp-json\/wp\/v2\/product_cat?post=3440"},{"taxonomy":"product_tag","embeddable":true,"href":"https:\/\/edizionicarrara.it\/en\/wp-json\/wp\/v2\/product_tag?post=3440"}],"curies":[{"name":"wp","href":"https:\/\/api.w.org\/{rel}","templated":true}]}}