{"id":3452,"date":"1970-01-01T00:00:00","date_gmt":"1970-01-01T00:00:00","guid":{"rendered":"http:\/\/edizionicarrara.it\/?product=quattro-mottetti"},"modified":"1970-01-01T00:00:00","modified_gmt":"1970-01-01T00:00:00","slug":"quattro-mottetti","status":"publish","type":"product","link":"https:\/\/edizionicarrara.it\/en\/score\/quattro-mottetti\/","title":{"rendered":"Quattro Mottetti"},"content":{"rendered":"<div>Interessantissima raccolta di quattro Mottetti scritti con personalit\u00e0 e buon gusto. Una sorpresa per chi vorr\u00e0 cimentarsi con una contemporaneit\u00e0, mai fine a se stessa, che vuol relazionarsi con un pubblico attento al servizio del culto.<\/div>\n","protected":false},"excerpt":{"rendered":"<p>per Solo e Coro di voci miste<\/p>\n","protected":false},"featured_media":3453,"template":"","meta":{"_kad_blocks_custom_css":"","_kad_blocks_head_custom_js":"","_kad_blocks_body_custom_js":"","_kad_blocks_footer_custom_js":"","_kadence_starter_templates_imported_post":false,"_kad_post_transparent":"","_kad_post_title":"","_kad_post_layout":"","_kad_post_sidebar_id":"","_kad_post_content_style":"","_kad_post_vertical_padding":"","_kad_post_feature":"","_kad_post_feature_position":"","_kad_post_header":false,"_kad_post_footer":false,"_kad_post_classname":""},"product_brand":[],"product_cat":[20],"product_tag":[],"class_list":{"0":"post-3452","1":"product","2":"type-product","3":"status-publish","4":"has-post-thumbnail","6":"product_cat-score","7":"pa_authorname-betti-nikos","8":"pa_codeedition-ec5403","9":"pa_codeismn-6429","10":"pa_contents-indicevinea-mea-electa-per-coro-a-3-voci-pario-magnum-mysterium-per-solo-e-coro-a-4-voci-mistepater-noster-per-coro-a-4-voci-misteverbum-caro-factum-est-per-coro-a-4-voci-miste","11":"pa_editor-carrara","12":"pa_genres-vocale-a-3-vvocale-a-4-v","13":"pa_pages-54","14":"pa_publishyear-6386","15":"pa_subgenres-sacra-liturgica","16":"pa_versionculture-global","17":"pa_versionname-36","18":"post","20":"first","21":"instock","22":"shipping-taxable","23":"purchasable","24":"product-type-simple","25":"entry","26":"content-bg","27":"loop-entry"},"taxonomy_info":{"product_cat":[{"value":20,"label":"Partiture"}],"pa_authorname":[{"value":6427,"label":"BETTI Nikos"}],"pa_codeedition":[{"value":6428,"label":"EC5403"}],"pa_codeismn":[{"value":6429,"label":"9790215754034"}],"pa_contents":[{"value":6430,"label":"<div>\r\n<div><strong>INDICE:<\/strong><\/div>\r\n\r\n<div>\u00a0<\/div>\r\n\r\n<div><strong>Vinea mea elect<\/strong>a (<em>per Coro a 3 voci pari<\/em>)<br\/>\r\n<strong>O magnum mysterium<\/strong> (<em>per Solo e Coro a "}],"pa_editor":[{"value":28,"label":"Carrara"}],"pa_genres":[{"value":1619,"label":"Vocale a 3 v.,Vocale a 4 v."}],"pa_pages":[{"value":54,"label":"20"}],"pa_publishyear":[{"value":6386,"label":"2015"}],"pa_subgenres":[{"value":72,"label":"Sacra Liturgica"}],"pa_versionculture":[{"value":37,"label":"Global"}],"pa_versionname":[{"value":36,"label":"01"}]},"featured_image_src_large":["https:\/\/edizionicarrara.it\/wp-content\/uploads\/nc\/images\/180-250-fix\/6576e627-51ba-4654-bead-8c4419bd6275.jpeg",171,250,false],"author_info":[],"comment_info":"","_links":{"self":[{"href":"https:\/\/edizionicarrara.it\/en\/wp-json\/wp\/v2\/product\/3452","targetHints":{"allow":["GET"]}}],"collection":[{"href":"https:\/\/edizionicarrara.it\/en\/wp-json\/wp\/v2\/product"}],"about":[{"href":"https:\/\/edizionicarrara.it\/en\/wp-json\/wp\/v2\/types\/product"}],"wp:featuredmedia":[{"embeddable":true,"href":"https:\/\/edizionicarrara.it\/en\/wp-json\/wp\/v2\/media\/3453"}],"wp:attachment":[{"href":"https:\/\/edizionicarrara.it\/en\/wp-json\/wp\/v2\/media?parent=3452"}],"wp:term":[{"taxonomy":"product_brand","embeddable":true,"href":"https:\/\/edizionicarrara.it\/en\/wp-json\/wp\/v2\/product_brand?post=3452"},{"taxonomy":"product_cat","embeddable":true,"href":"https:\/\/edizionicarrara.it\/en\/wp-json\/wp\/v2\/product_cat?post=3452"},{"taxonomy":"product_tag","embeddable":true,"href":"https:\/\/edizionicarrara.it\/en\/wp-json\/wp\/v2\/product_tag?post=3452"}],"curies":[{"name":"wp","href":"https:\/\/api.w.org\/{rel}","templated":true}]}}