{"id":3648,"date":"1970-01-01T00:00:00","date_gmt":"1970-01-01T00:00:00","guid":{"rendered":"http:\/\/edizionicarrara.it\/?product=polyphonia-vol104-mottetti-francescani"},"modified":"1970-01-01T00:00:00","modified_gmt":"1970-01-01T00:00:00","slug":"polyphonia-vol104-mottetti-francescani","status":"publish","type":"product","link":"https:\/\/edizionicarrara.it\/en\/score\/polyphonia-vol104-mottetti-francescani\/","title":{"rendered":"Polyphonia &#8211; Vol.104 &#8211; Mottetti Francescani"},"content":{"rendered":"<div>L\u2019ordine dei frati minori conventuali, istituito da san Francesco d\u2019Assisi nel 1209 e approvato prima verbalmente da Innocenzo III (1209 o 1210), poi in forma scritta con la bolla Solet annuere da Onorio III nel 1223, \u00e8 l\u2019ordine regolare che nella sua storia vantail maggior numero di religiosi dediti alla pratica musicale.<br \/>\nSeppure la Regola accenni solamente in maniera sommaria all\u2019officiatura, si pu\u00f2 affermare che la tradizione musicale francescana risalga allo stesso Francesco che, con il suo Canticum fratis solis, diede un modello al movimento delle laudi spirituali che si sarebbe diffuso di l\u00ec a poco. Inoltre, secondo quanto riportano le testimonianze dei biografi, Francesco di Bernardone, che am\u00f2 la musica fin da giovane, soleva cantare in francese e aspett\u00f2 \u00absorella Morte\u00bb cantando. Pi\u00f9 in generale, oltre a essere un elemento complementare alla predicazione, il canto \u00e8 stato una costante nella vicenda terrena di Francesco e lo ha accompagnato sia nei momenti di esultanza e di serenit\u00e0 sia in quelli di sofferenza.<\/div>\n","protected":false},"excerpt":{"rendered":"<p>Mottetti Francescani a 4 voci S.C.T.B. a cappella con testo in latino<\/p>\n","protected":false},"featured_media":3649,"template":"","meta":{"_kad_blocks_custom_css":"","_kad_blocks_head_custom_js":"","_kad_blocks_body_custom_js":"","_kad_blocks_footer_custom_js":"","_kadence_starter_templates_imported_post":false,"_kad_post_transparent":"","_kad_post_title":"","_kad_post_layout":"","_kad_post_sidebar_id":"","_kad_post_content_style":"","_kad_post_vertical_padding":"","_kad_post_feature":"","_kad_post_feature_position":"","_kad_post_header":false,"_kad_post_footer":false,"_kad_post_classname":""},"product_brand":[],"product_cat":[20],"product_tag":[],"class_list":{"0":"post-3648","1":"product","2":"type-product","3":"status-publish","4":"has-post-thumbnail","6":"product_cat-score","7":"pa_authorname-aavv","8":"pa_codeedition-ec5479","9":"pa_codeismn-979021575479-9","10":"pa_contents-exsurgat-deus-di-balbi-alvise-luigicantate-domino-di-balbi-alvise-luigicorona-aurea-di-belli-giuliode-profundis-di-belli-giulioscarica-alcune-pagine-esemplificative","11":"pa_curator-ivano-bettin","12":"pa_editor-carrara","13":"pa_genres-vocale-a-4-v","14":"pa_pages-119","15":"pa_publishyear-6603","16":"pa_series-polyphonia","17":"pa_subgenres-sacra-liturgica","18":"pa_versionculture-global","19":"pa_versionname-36","20":"post","22":"first","23":"instock","24":"shipping-taxable","25":"purchasable","26":"product-type-simple","27":"entry","28":"content-bg","29":"loop-entry"},"taxonomy_info":{"product_cat":[{"value":20,"label":"Partiture"}],"pa_authorname":[{"value":118,"label":"AA.VV."}],"pa_codeedition":[{"value":6793,"label":"EC5479"}],"pa_codeismn":[{"value":6794,"label":"979021575479-9"}],"pa_contents":[{"value":6795,"label":"<div><strong>Exsurgat Deus <\/strong>di <span class=\"DataWebExplorer_GridList_Grid_Label_Text\" id=\"LabelItem\">Balbi Alvise (Luigi)<\/span><\/div>\r\n\r\n<div><strong>Cantate Domino <\/strong>di <span class=\"D"}],"pa_curator":[{"value":5052,"label":"Ivano Bettin"}],"pa_editor":[{"value":28,"label":"Carrara"}],"pa_genres":[{"value":87,"label":"Vocale a 4 v."}],"pa_pages":[{"value":119,"label":"32"}],"pa_publishyear":[{"value":6603,"label":"2016"}],"pa_series":[{"value":114,"label":"Polyphonia"}],"pa_subgenres":[{"value":72,"label":"Sacra Liturgica"}],"pa_versionculture":[{"value":37,"label":"Global"}],"pa_versionname":[{"value":36,"label":"01"}]},"featured_image_src_large":["https:\/\/edizionicarrara.it\/wp-content\/uploads\/nc\/images\/180-250-fix\/8522e6bc-24e9-4c3f-86b3-cddd32a3a4e9.jpeg",172,250,false],"author_info":[],"comment_info":"","_links":{"self":[{"href":"https:\/\/edizionicarrara.it\/en\/wp-json\/wp\/v2\/product\/3648","targetHints":{"allow":["GET"]}}],"collection":[{"href":"https:\/\/edizionicarrara.it\/en\/wp-json\/wp\/v2\/product"}],"about":[{"href":"https:\/\/edizionicarrara.it\/en\/wp-json\/wp\/v2\/types\/product"}],"wp:featuredmedia":[{"embeddable":true,"href":"https:\/\/edizionicarrara.it\/en\/wp-json\/wp\/v2\/media\/3649"}],"wp:attachment":[{"href":"https:\/\/edizionicarrara.it\/en\/wp-json\/wp\/v2\/media?parent=3648"}],"wp:term":[{"taxonomy":"product_brand","embeddable":true,"href":"https:\/\/edizionicarrara.it\/en\/wp-json\/wp\/v2\/product_brand?post=3648"},{"taxonomy":"product_cat","embeddable":true,"href":"https:\/\/edizionicarrara.it\/en\/wp-json\/wp\/v2\/product_cat?post=3648"},{"taxonomy":"product_tag","embeddable":true,"href":"https:\/\/edizionicarrara.it\/en\/wp-json\/wp\/v2\/product_tag?post=3648"}],"curies":[{"name":"wp","href":"https:\/\/api.w.org\/{rel}","templated":true}]}}