{"id":3688,"date":"1970-01-01T00:00:00","date_gmt":"1970-01-01T00:00:00","guid":{"rendered":"http:\/\/edizionicarrara.it\/?product=praeludium"},"modified":"1970-01-01T00:00:00","modified_gmt":"1970-01-01T00:00:00","slug":"praeludium","status":"publish","type":"product","link":"https:\/\/edizionicarrara.it\/en\/score\/praeludium\/","title":{"rendered":"Praeludium"},"content":{"rendered":"<div>Il Praeludium pro organo, di cui si offre qui la prima edizione a stampa, \u00e8 datato 18 gennaio 1850. L\u2019autografo \u00e8 conservato presso la Biblioth\u00e8que Nationale de France. Nella presente trascrizione si \u00e8 cercato di rispettare il dettato originale in ogni peculiarit\u00e0 della sua scrittura per salvaguardare l&#8217;attenzione rivolta dal compositore all\u2019esattezza della scrittura in funzione dell\u2019articolazione e del fraseggio. A un esame anche solo superficiale, la grafia del manoscritto, bench\u00e9 stesa con una certa velocit\u00e0, \u00e8 rivelatrice di grande accuratezza e di attenzione verso il dettaglio.<\/div>\n","protected":false},"excerpt":{"rendered":"<p>pro organo<\/p>\n","protected":false},"featured_media":3689,"template":"","meta":{"_kad_blocks_custom_css":"","_kad_blocks_head_custom_js":"","_kad_blocks_body_custom_js":"","_kad_blocks_footer_custom_js":"","_kadence_starter_templates_imported_post":false,"_kad_post_transparent":"","_kad_post_title":"","_kad_post_layout":"","_kad_post_sidebar_id":"","_kad_post_content_style":"","_kad_post_vertical_padding":"","_kad_post_feature":"","_kad_post_feature_position":"","_kad_post_header":false,"_kad_post_footer":false,"_kad_post_classname":""},"product_brand":[],"product_cat":[20],"product_tag":[],"class_list":{"0":"post-3688","1":"product","2":"type-product","3":"status-publish","4":"has-post-thumbnail","6":"product_cat-score","7":"pa_authorname-alkan-charles-valentin","8":"pa_codeedition-ec5494","9":"pa_codeismn-979021575494-2","10":"pa_curator-cesare-mancini","11":"pa_editor-carrara","12":"pa_genres-organo-monografie-romantico","13":"pa_pages-451","14":"pa_publishyear-6778","15":"pa_series-organistica","16":"pa_subgenres-profana","17":"pa_versionculture-global","18":"pa_versionname-36","19":"post","21":"first","22":"instock","23":"shipping-taxable","24":"purchasable","25":"product-type-simple","26":"entry","27":"content-bg","28":"loop-entry"},"taxonomy_info":{"product_cat":[{"value":20,"label":"Partiture"}],"pa_authorname":[{"value":6872,"label":"ALKAN Charles-Valentin "}],"pa_codeedition":[{"value":6873,"label":"EC5494"}],"pa_codeismn":[{"value":6874,"label":"979021575494-2"}],"pa_curator":[{"value":6736,"label":"Cesare Mancini"}],"pa_editor":[{"value":28,"label":"Carrara"}],"pa_genres":[{"value":62,"label":"Organo Monografie Romantico"}],"pa_pages":[{"value":451,"label":"4"}],"pa_publishyear":[{"value":6778,"label":"2017"}],"pa_series":[{"value":107,"label":"Organistica"}],"pa_subgenres":[{"value":330,"label":"Profana"}],"pa_versionculture":[{"value":37,"label":"Global"}],"pa_versionname":[{"value":36,"label":"01"}]},"featured_image_src_large":["https:\/\/edizionicarrara.it\/wp-content\/uploads\/nc\/images\/180-250-fix\/75712449-b670-4817-85ea-1f6acb630088.jpeg",180,130,false],"author_info":[],"comment_info":"","_links":{"self":[{"href":"https:\/\/edizionicarrara.it\/en\/wp-json\/wp\/v2\/product\/3688","targetHints":{"allow":["GET"]}}],"collection":[{"href":"https:\/\/edizionicarrara.it\/en\/wp-json\/wp\/v2\/product"}],"about":[{"href":"https:\/\/edizionicarrara.it\/en\/wp-json\/wp\/v2\/types\/product"}],"wp:featuredmedia":[{"embeddable":true,"href":"https:\/\/edizionicarrara.it\/en\/wp-json\/wp\/v2\/media\/3689"}],"wp:attachment":[{"href":"https:\/\/edizionicarrara.it\/en\/wp-json\/wp\/v2\/media?parent=3688"}],"wp:term":[{"taxonomy":"product_brand","embeddable":true,"href":"https:\/\/edizionicarrara.it\/en\/wp-json\/wp\/v2\/product_brand?post=3688"},{"taxonomy":"product_cat","embeddable":true,"href":"https:\/\/edizionicarrara.it\/en\/wp-json\/wp\/v2\/product_cat?post=3688"},{"taxonomy":"product_tag","embeddable":true,"href":"https:\/\/edizionicarrara.it\/en\/wp-json\/wp\/v2\/product_tag?post=3688"}],"curies":[{"name":"wp","href":"https:\/\/api.w.org\/{rel}","templated":true}]}}