{"id":3690,"date":"1970-01-01T00:00:00","date_gmt":"1970-01-01T00:00:00","guid":{"rendered":"http:\/\/edizionicarrara.it\/?product=cantantibus-organis"},"modified":"1970-01-01T00:00:00","modified_gmt":"1970-01-01T00:00:00","slug":"cantantibus-organis-1","status":"publish","type":"product","link":"https:\/\/edizionicarrara.it\/en\/score\/cantantibus-organis-1\/","title":{"rendered":"Cantantibus Organis"},"content":{"rendered":"<div>Riedizione di una delle pubblicazioni pi\u00f9 utilizzate nel dopoguerra che ancora oggi risultano intrise di buongusto ed originalit\u00e0. 44 piccole opere scritte da uno tra gli autori pi\u00f9 apprezzati dell&#8217;epoca.<\/div>\n","protected":false},"excerpt":{"rendered":"<p>44 Composizioni facili per organo<\/p>\n","protected":false},"featured_media":3691,"template":"","meta":{"_kad_blocks_custom_css":"","_kad_blocks_head_custom_js":"","_kad_blocks_body_custom_js":"","_kad_blocks_footer_custom_js":"","_kadence_starter_templates_imported_post":false,"_kad_post_transparent":"","_kad_post_title":"","_kad_post_layout":"","_kad_post_sidebar_id":"","_kad_post_content_style":"","_kad_post_vertical_padding":"","_kad_post_feature":"","_kad_post_feature_position":"","_kad_post_header":false,"_kad_post_footer":false,"_kad_post_classname":""},"product_brand":[],"product_cat":[20],"product_tag":[],"class_list":{"0":"post-3690","1":"product","2":"type-product","3":"status-publish","4":"has-post-thumbnail","6":"product_cat-score","7":"pa_authorname-mandelli-emanuele","8":"pa_codeedition-ec2477","9":"pa_codeismn-6876","10":"pa_curator-carrara-v","11":"pa_editor-carrara","12":"pa_genres-organo-monografie-post-romantico","13":"pa_pages-96","14":"pa_publishyear-1952","15":"pa_series-i-ceciliani-dellorgano","16":"pa_subgenres-sacra-liturgica","17":"pa_versionculture-global","18":"pa_versionname-36","19":"post","21":"first","22":"instock","23":"shipping-taxable","24":"purchasable","25":"product-type-simple","26":"entry","27":"content-bg","28":"loop-entry"},"taxonomy_info":{"product_cat":[{"value":20,"label":"Partiture"}],"pa_authorname":[{"value":3374,"label":"MANDELLI Emanuele"}],"pa_codeedition":[{"value":6875,"label":"EC2477"}],"pa_codeismn":[{"value":6876,"label":"9790215724778"}],"pa_curator":[{"value":847,"label":"Carrara V."}],"pa_editor":[{"value":28,"label":"Carrara"}],"pa_genres":[{"value":110,"label":"Organo Monografie Post Romantico"}],"pa_pages":[{"value":96,"label":"48"}],"pa_publishyear":[{"value":1952,"label":"1957"}],"pa_series":[{"value":1874,"label":"I Ceciliani dell'Organo"}],"pa_subgenres":[{"value":72,"label":"Sacra Liturgica"}],"pa_versionculture":[{"value":37,"label":"Global"}],"pa_versionname":[{"value":36,"label":"01"}]},"featured_image_src_large":["https:\/\/edizionicarrara.it\/wp-content\/uploads\/nc\/images\/180-250-fix\/432aa205-8e94-49a3-b978-931856c39e50.jpeg",172,250,false],"author_info":[],"comment_info":"","_links":{"self":[{"href":"https:\/\/edizionicarrara.it\/en\/wp-json\/wp\/v2\/product\/3690","targetHints":{"allow":["GET"]}}],"collection":[{"href":"https:\/\/edizionicarrara.it\/en\/wp-json\/wp\/v2\/product"}],"about":[{"href":"https:\/\/edizionicarrara.it\/en\/wp-json\/wp\/v2\/types\/product"}],"wp:featuredmedia":[{"embeddable":true,"href":"https:\/\/edizionicarrara.it\/en\/wp-json\/wp\/v2\/media\/3691"}],"wp:attachment":[{"href":"https:\/\/edizionicarrara.it\/en\/wp-json\/wp\/v2\/media?parent=3690"}],"wp:term":[{"taxonomy":"product_brand","embeddable":true,"href":"https:\/\/edizionicarrara.it\/en\/wp-json\/wp\/v2\/product_brand?post=3690"},{"taxonomy":"product_cat","embeddable":true,"href":"https:\/\/edizionicarrara.it\/en\/wp-json\/wp\/v2\/product_cat?post=3690"},{"taxonomy":"product_tag","embeddable":true,"href":"https:\/\/edizionicarrara.it\/en\/wp-json\/wp\/v2\/product_tag?post=3690"}],"curies":[{"name":"wp","href":"https:\/\/api.w.org\/{rel}","templated":true}]}}