{"id":3784,"date":"1970-01-01T00:00:00","date_gmt":"1970-01-01T00:00:00","guid":{"rendered":"http:\/\/edizionicarrara.it\/?product=messa-a-maria-ss-madre-della-chiesa"},"modified":"1970-01-01T00:00:00","modified_gmt":"1970-01-01T00:00:00","slug":"messa-a-maria-ss-madre-della-chiesa","status":"publish","type":"product","link":"https:\/\/edizionicarrara.it\/en\/score\/messa-a-maria-ss-madre-della-chiesa\/","title":{"rendered":"Messa a Maria SS. Madre della Chiesa"},"content":{"rendered":"<div>Questa Messa dedicata alla Madonna \u00e8 indicata per piccole Schole di Alti e Baritoni; per la semplicit\u00e0 di stile, per l&#8217;assoluta facilit\u00e0 di esecuzione, per la tessitura vocale quanto mai limitata, pu\u00f2 essere eseguita anche all&#8217;unisono da tutta l&#8217;Assemblea o da un coretto diviso in due gruppi che si alternano, seguendo evidentemente, sempre la voce del canto.<\/div>\n","protected":false},"excerpt":{"rendered":"<p>per coro a 1 o 2 voci ineguali con o senza Assemblea<\/p>\n","protected":false},"featured_media":3785,"template":"","meta":{"_kad_blocks_custom_css":"","_kad_blocks_head_custom_js":"","_kad_blocks_body_custom_js":"","_kad_blocks_footer_custom_js":"","_kadence_starter_templates_imported_post":false,"_kad_post_transparent":"","_kad_post_title":"","_kad_post_layout":"","_kad_post_sidebar_id":"","_kad_post_content_style":"","_kad_post_vertical_padding":"","_kad_post_feature":"","_kad_post_feature_position":"","_kad_post_header":false,"_kad_post_footer":false,"_kad_post_classname":""},"product_brand":[],"product_cat":[20],"product_tag":[],"class_list":{"0":"post-3784","1":"product","2":"type-product","3":"status-publish","4":"has-post-thumbnail","6":"product_cat-score","7":"pa_authorname-pedemonti-giuseppe","8":"pa_codeedition-ec2899","9":"pa_codeismn-7098","10":"pa_contents-indiceinvocazione-a-cristoinno-di-lodeprocessione-di-fedecanto-di-acclamazioneagnello-di-dioguarda-alcune-pagine-di-esempio","11":"pa_editor-carrara","12":"pa_genres-vocale-a-1-v-orgvocale-a-2-v-org","13":"pa_pages-54","14":"pa_publishyear-1809","15":"pa_subgenres-sacra-liturgica","16":"pa_versionculture-global","17":"pa_versionname-36","18":"post","20":"first","21":"instock","22":"shipping-taxable","23":"purchasable","24":"product-type-simple","25":"entry","26":"content-bg","27":"loop-entry"},"taxonomy_info":{"product_cat":[{"value":20,"label":"Partiture"}],"pa_authorname":[{"value":4433,"label":"PEDEMONTI Giuseppe"}],"pa_codeedition":[{"value":7097,"label":"EC2899"}],"pa_codeismn":[{"value":7098,"label":"9790215728998"}],"pa_contents":[{"value":7099,"label":"<div>\r\n<div><strong>INDICE:<\/strong><br\/>\r\nInvocazione a Cristo<br\/>\r\nInno di Lode<br\/>\r\nProcessione di Fede<br\/>\r\nCanto di Acclamazione<br\/>\r\nAgnello di Dio<\/div>\r\n\r\n<div>\u00a0<\/div>\r\n\r\n<div><em>Guarda a"}],"pa_editor":[{"value":28,"label":"Carrara"}],"pa_genres":[{"value":2779,"label":"Vocale a 1 v. - Org.,Vocale a 2 v. - Org."}],"pa_pages":[{"value":54,"label":"20"}],"pa_publishyear":[{"value":1809,"label":"1966"}],"pa_subgenres":[{"value":72,"label":"Sacra Liturgica"}],"pa_versionculture":[{"value":37,"label":"Global"}],"pa_versionname":[{"value":36,"label":"01"}]},"featured_image_src_large":["https:\/\/edizionicarrara.it\/wp-content\/uploads\/nc\/images\/180-250-fix\/11eeb9c7-19b9-4cd8-a2d4-863d68c4d4da.jpeg",172,250,false],"author_info":[],"comment_info":"","_links":{"self":[{"href":"https:\/\/edizionicarrara.it\/en\/wp-json\/wp\/v2\/product\/3784","targetHints":{"allow":["GET"]}}],"collection":[{"href":"https:\/\/edizionicarrara.it\/en\/wp-json\/wp\/v2\/product"}],"about":[{"href":"https:\/\/edizionicarrara.it\/en\/wp-json\/wp\/v2\/types\/product"}],"wp:featuredmedia":[{"embeddable":true,"href":"https:\/\/edizionicarrara.it\/en\/wp-json\/wp\/v2\/media\/3785"}],"wp:attachment":[{"href":"https:\/\/edizionicarrara.it\/en\/wp-json\/wp\/v2\/media?parent=3784"}],"wp:term":[{"taxonomy":"product_brand","embeddable":true,"href":"https:\/\/edizionicarrara.it\/en\/wp-json\/wp\/v2\/product_brand?post=3784"},{"taxonomy":"product_cat","embeddable":true,"href":"https:\/\/edizionicarrara.it\/en\/wp-json\/wp\/v2\/product_cat?post=3784"},{"taxonomy":"product_tag","embeddable":true,"href":"https:\/\/edizionicarrara.it\/en\/wp-json\/wp\/v2\/product_tag?post=3784"}],"curies":[{"name":"wp","href":"https:\/\/api.w.org\/{rel}","templated":true}]}}