{"id":3830,"date":"1970-01-01T00:00:00","date_gmt":"1970-01-01T00:00:00","guid":{"rendered":"http:\/\/edizionicarrara.it\/?product=larte-del-carillon-vol2"},"modified":"1970-01-01T00:00:00","modified_gmt":"1970-01-01T00:00:00","slug":"larte-del-carillon-vol2","status":"publish","type":"product","link":"https:\/\/edizionicarrara.it\/en\/score\/larte-del-carillon-vol2\/","title":{"rendered":"L&#8217;Arte del Carillon &#8211; Vol.2"},"content":{"rendered":"<div>Con il termine di Carillon viene solitamente indicato un brano onomatopeico, cio\u00e8 imitativo, del suono delle campane. Infatti, Carillon designa fin dal Medioevo un insieme di campane, almeno quattro agli albori,\u00a0 da cui il termine latino quadrilio o quaternio che ha dato origine a \u201ccarillon\u201d. A partire dal VII secolo troviamo Carillon collocati sui campanili delle chiese maggiori e sulle torri civiche: anche oggi tali campane vengono suonate con una tastiera collegata a martelli che percuotono le campane o che muove i corrispondenti batacchi. L\u2019iconografia medievale ci d\u00e0 ulteriori indicazioni preziose, perch\u00e9 sistemi di Carillon, detti Tintinnabula o Cymbala, ovviamente con campane di pi\u00f9 piccole dimensioni, vengono raffigurati anche negli organi, collocati solitamente al di sopra della tastiera, in modo che l\u2019organista potesse eseguire una linea melodica o un accompagnamento rispettivamente con l\u2019organo o con il Carillon.<\/div>\n","protected":false},"excerpt":{"rendered":"<p>per organo<\/p>\n","protected":false},"featured_media":3831,"template":"","meta":{"_kad_blocks_custom_css":"","_kad_blocks_head_custom_js":"","_kad_blocks_body_custom_js":"","_kad_blocks_footer_custom_js":"","_kadence_starter_templates_imported_post":false,"_kad_post_transparent":"","_kad_post_title":"","_kad_post_layout":"","_kad_post_sidebar_id":"","_kad_post_content_style":"","_kad_post_vertical_padding":"","_kad_post_feature":"","_kad_post_feature_position":"","_kad_post_header":false,"_kad_post_footer":false,"_kad_post_classname":""},"product_brand":[],"product_cat":[20],"product_tag":[],"class_list":{"0":"post-3830","1":"product","2":"type-product","3":"status-publish","4":"has-post-thumbnail","6":"product_cat-score","7":"pa_authorname-aavv","8":"pa_codeedition-ec5551","9":"pa_codeismn-979021575551-2","10":"pa_contents-indicecarillons-des-morts-di-beauvarlet-charpentier-jean-jacquescarillon-pour-les-vepres-de-la-toussaints-di-lasceux-guillaumecarillon-des-morts-pour-le-jour-de-la-toussaint-di-duval-edmon","11":"pa_curator-gilberto-sessantini","12":"pa_editor-carrara","13":"pa_genres-organo-raccolte-classici","14":"pa_pages-102","15":"pa_publishyear-7117","16":"pa_series-the-organists-art","17":"pa_subgenres-sacra-liturgica","18":"pa_versionculture-global","19":"pa_versionname-36","20":"post","22":"first","23":"instock","24":"shipping-taxable","25":"purchasable","26":"product-type-simple","27":"entry","28":"content-bg","29":"loop-entry"},"taxonomy_info":{"product_cat":[{"value":20,"label":"Partiture"}],"pa_authorname":[{"value":118,"label":"AA.VV."}],"pa_codeedition":[{"value":7201,"label":"EC5551"}],"pa_codeismn":[{"value":7202,"label":"979021575551-2"}],"pa_contents":[{"value":7203,"label":"<div><strong>INDICE<\/strong><\/div>\r\n\r\n<div><strong>Carillons des Morts<\/strong> di Beauvarlet-Charpentier Jean Jacques<\/div>\r\n\r\n<div><strong>Carillon pour les vepres de la Toussaints<\/strong> di Lasce"}],"pa_curator":[{"value":4952,"label":"Gilberto Sessantini"}],"pa_editor":[{"value":28,"label":"Carrara"}],"pa_genres":[{"value":183,"label":"Organo Raccolte Classici"}],"pa_pages":[{"value":102,"label":"36"}],"pa_publishyear":[{"value":7117,"label":"2018"}],"pa_series":[{"value":6559,"label":"The Organist's Art"}],"pa_subgenres":[{"value":72,"label":"Sacra Liturgica"}],"pa_versionculture":[{"value":37,"label":"Global"}],"pa_versionname":[{"value":36,"label":"01"}]},"featured_image_src_large":["https:\/\/edizionicarrara.it\/wp-content\/uploads\/nc\/images\/180-250-fix\/fe7d6ccd-63a0-4ed1-9b79-682264b79514.jpeg",172,250,false],"author_info":[],"comment_info":"","_links":{"self":[{"href":"https:\/\/edizionicarrara.it\/en\/wp-json\/wp\/v2\/product\/3830","targetHints":{"allow":["GET"]}}],"collection":[{"href":"https:\/\/edizionicarrara.it\/en\/wp-json\/wp\/v2\/product"}],"about":[{"href":"https:\/\/edizionicarrara.it\/en\/wp-json\/wp\/v2\/types\/product"}],"wp:featuredmedia":[{"embeddable":true,"href":"https:\/\/edizionicarrara.it\/en\/wp-json\/wp\/v2\/media\/3831"}],"wp:attachment":[{"href":"https:\/\/edizionicarrara.it\/en\/wp-json\/wp\/v2\/media?parent=3830"}],"wp:term":[{"taxonomy":"product_brand","embeddable":true,"href":"https:\/\/edizionicarrara.it\/en\/wp-json\/wp\/v2\/product_brand?post=3830"},{"taxonomy":"product_cat","embeddable":true,"href":"https:\/\/edizionicarrara.it\/en\/wp-json\/wp\/v2\/product_cat?post=3830"},{"taxonomy":"product_tag","embeddable":true,"href":"https:\/\/edizionicarrara.it\/en\/wp-json\/wp\/v2\/product_tag?post=3830"}],"curies":[{"name":"wp","href":"https:\/\/api.w.org\/{rel}","templated":true}]}}