{"id":3850,"date":"1970-01-01T00:00:00","date_gmt":"1970-01-01T00:00:00","guid":{"rendered":"http:\/\/edizionicarrara.it\/?product=il-canto-del-celebrante-nel-rito-della-messa-con-cd"},"modified":"1970-01-01T00:00:00","modified_gmt":"1970-01-01T00:00:00","slug":"il-canto-del-celebrante-nel-rito-della-messa-con-cd","status":"publish","type":"product","link":"https:\/\/edizionicarrara.it\/en\/score\/il-canto-del-celebrante-nel-rito-della-messa-con-cd\/","title":{"rendered":"Il canto del celebrante nel rito della Messa &#8211; con Cd"},"content":{"rendered":"<div>\n<div>Qualsiasi atto cultuale di ogni religione prevede che i testi sacri non siano letti mentalmente o solo proclamati, ma siano cantati su formule melodiche semplici che chiamiamo con un neologismo \u00abcantillazione\u00bb. In una cultura orale, la trasmissione del sapere avviene attraverso l\u2019amplificazione sonora della Parola sacra, perch\u00e9 possa essere maggiormente compresa e impressa nella memoria.<\/div>\n<div>Anche la religione ebraica, specie dopo la distruzione del secondo Tempio e l\u2019abolizione della liturgia sacerdotale, svilupp\u00f2 il culto della Parola nella liturgia sinagogale. In questo contesto, si \u00e8 innestata la liturgia dei cristiani, nella quale il canto dei testi sacri e in primis dei Salmi ebbe un\u2019importanza primaria. Quello che attualmente chiamiamo con un termine generico \u00abcanto gregoriano\u00bb nacque come germinazione dalla cantillazione, che si svolgeva su alcune note o corde di recita, dapprima nella sinagoga, poi nelle domus ecclesi\u00e6 e nelle basiliche.<\/div>\n<div>La messa cantata, di preconciliare memoria, comportava il canto del celebrante e dei ministri, per i quali era prevista una preparazione adeguata, oltre che una serie di sussidi specifici. La riforma liturgica conciliare, contrariamente alla prassi a cui ci stiamo abituando, ha mantenuto e incrementato il canto dei ministri, introducendo la \u00ablegge della gradualit\u00e0\u00bb. In particolare, l\u2019Istruzione Musicam Sacram del 1967, attuativa del capitolo sesto della Sacrosanctum Concilium, al n. 29, enumera tre gradi di partecipazione alla celebrazione. Il primo di questi prevede il canto del celebrante e dei ministri per facilitare la partecipazione dei fedeli, realizzando nel contempo la tanto auspicata \u00absolennit\u00e0\u00bb.<\/div>\n<div>Comprendiamo quanto sia distorto il nostro modo di celebrare, allorch\u00e9 privilegiamo i canti processionali di Introito, di Offertorio o di Comunione, trascurando le acclamazioni e le formule di risposta al canto del celebrante e dei ministri. Purtroppo, questa situazione di graduale solennit\u00e0, auspicata dall\u2019Istruzione Musicam Sacram, non si \u00e8 punto verificata, non tanto per la mancanza di melodie, ma per il venir meno della pratica musicale nei seminari e studentati di formazione durante il curriculum degli studi, oltre che per una cattiva interpretazione del concetto di solennit\u00e0, di semplicit\u00e0, di partecipazione, cui hanno involontariamente contribuito anche alcune scelte editoriali e musicali.<\/div>\n<div>Infatti, i libri liturgici, editi dopo la riforma, hanno sempre riportato le melodie dei ministri, ma confinandole come appendice alla fine dei testi. Inoltre, le melodie proposte non sempre obbedivano alle regole di una corretta pronuncia dei testi, anzi spesso snaturavano la cantillazione trasformandola in un canto melodico vero e proprio. E anche quelle che venivano presentate come rifacentesi al repertorio gregoriano, in realt\u00e0 da esso se ne distaccavano e non ne rispettavano la logica, le regole e il buon gusto.<\/div>\n<div>La presente pubblicazione cerca di venir incontro alle esigenze di quanti, presbiteri, vogliano cantare i testi con melodie che siano aderenti ad essi e nel contempo splendano per nobile semplicit\u00e0.<\/div>\n<div>Tali formule di cantillazione sono state pensate per la lingua viva e, in tal senso, si uniformano a quanto si trova nei vari libri liturgici, Messale in particolare, editi dalle altre Conferenze Episcopali .<\/div>\n<div>La tradizione scritta, per il canto delle orazioni fornisce due toni: il tono di RE, chiamato \u201ctonus antiquior\u201d ed anche \u201c tonus sollemnis\u201d, e il tono di DO. Il tono di RE, giustamente chiamato \u201cpi\u00f9 antico\u201d \u00e8 l\u2019unico che fornisce a tutto il corpus eucologico un splendida e significativa omogeneit\u00e0 musicale, ecco perch\u00e9 lo si \u00e8 preferito e qui lo si propone nella sua consueta scrittura trasposta in LA. Attorno a questa corda di cantillazione, denominata corda madre, lo sviluppo del recitativo prevede una salita melodica al \u00a0tenor Do che ben si presta a rendere in senso \u201cdrammaturgico\u201d l\u2019apporto vocale delle preghiere presidenziali pi\u00f9 importanti, come il Prefazio e la Dossologia (Per Cristo), mentre per evidenziare il testo dell\u2019istituzione dell\u2019Eucaristia ci si avvale di accenti melodici intermedi sul SI. Riproponendo questo tono siamo certi che incontreremo il favore di quanti desiderano un humus liturgico comune a tutto l\u2019orbe cattolico per quanto frazionato nelle singole variet\u00e0 linguistiche.<\/div>\n<p>La raccolta si pone come ausilio per facilitare il canto del celebrante e non ha alcuna pretesa di ufficialit\u00e0: si tratta tuttavia di una proposta gi\u00e0 consolidata. La realizzazione \u00e8 opera del M\u00b0 Mons. Alberto Turco, ordinario emerito di Canto Gregoriano al Pontificio Istituto di Musica Sacra di Roma, mentre il CD, con la realizzazione delle melodie, \u00e8 stato affidato a p. Gennaro Becchimanzi OFM Conv., da anni impegnato nella diffusione del canto liturgico.<\/p><\/div>\n","protected":false},"excerpt":{"rendered":"<p>Canto Gregoriano<\/p>\n","protected":false},"featured_media":3851,"template":"","meta":{"_kad_blocks_custom_css":"","_kad_blocks_head_custom_js":"","_kad_blocks_body_custom_js":"","_kad_blocks_footer_custom_js":"","_kadence_starter_templates_imported_post":false,"_kad_post_transparent":"","_kad_post_title":"","_kad_post_layout":"","_kad_post_sidebar_id":"","_kad_post_content_style":"","_kad_post_vertical_padding":"","_kad_post_feature":"","_kad_post_feature_position":"","_kad_post_header":false,"_kad_post_footer":false,"_kad_post_classname":""},"product_brand":[],"product_cat":[20],"product_tag":[],"class_list":{"0":"post-3850","1":"product","2":"type-product","3":"status-publish","4":"has-post-thumbnail","6":"product_cat-score","7":"pa_authorname-turco-alberto","8":"pa_codeedition-ec5574","9":"pa_codeismn-979021575574-1","10":"pa_contents-indiceil-rito-della-messasegno-della-croce-saluto-del-celebranteatto-penitenzialecollettainvito-alla-preghierapreghiera-del-signore-embolismo-per-la-pacebenedizione-e-congedo-dell","11":"pa_curator-mons-alberto-turco","12":"pa_editor-carrara","13":"pa_genres-vocale-gregoriano","14":"pa_pages-1004","15":"pa_publishyear-7117","16":"pa_subgenres-sacra-liturgica","17":"pa_versionculture-global","18":"pa_versionname-36","19":"post","21":"first","22":"instock","23":"shipping-taxable","24":"purchasable","25":"product-type-simple","26":"entry","27":"content-bg","28":"loop-entry"},"taxonomy_info":{"product_cat":[{"value":20,"label":"Partiture"}],"pa_authorname":[{"value":7240,"label":"TURCO Alberto"}],"pa_codeedition":[{"value":7242,"label":"EC5574"}],"pa_codeismn":[{"value":7243,"label":"979021575574-1"}],"pa_contents":[{"value":7245,"label":"<div><strong>INDICE:<\/strong><\/div>\r\n\r\n<div>IL RITO DELLA MESSA<br\/>\r\nSegno della Croce, saluto del celebrante<br\/>\r\nAtto penitenziale<br\/>\r\nColletta<br\/>\r\nInvito alla Preghiera<br\/>\r\nPreghiera del Si"}],"pa_curator":[{"value":7241,"label":"Mons. Alberto Turco "}],"pa_editor":[{"value":28,"label":"Carrara"}],"pa_genres":[{"value":7244,"label":"Vocale Gregoriano"}],"pa_pages":[{"value":1004,"label":"108"}],"pa_publishyear":[{"value":7117,"label":"2018"}],"pa_subgenres":[{"value":72,"label":"Sacra Liturgica"}],"pa_versionculture":[{"value":37,"label":"Global"}],"pa_versionname":[{"value":36,"label":"01"}]},"featured_image_src_large":["https:\/\/edizionicarrara.it\/wp-content\/uploads\/nc\/images\/180-250-fix\/2310af8e-d1c0-4979-946e-a4aae4096683.jpeg",172,250,false],"author_info":[],"comment_info":"","_links":{"self":[{"href":"https:\/\/edizionicarrara.it\/en\/wp-json\/wp\/v2\/product\/3850","targetHints":{"allow":["GET"]}}],"collection":[{"href":"https:\/\/edizionicarrara.it\/en\/wp-json\/wp\/v2\/product"}],"about":[{"href":"https:\/\/edizionicarrara.it\/en\/wp-json\/wp\/v2\/types\/product"}],"wp:featuredmedia":[{"embeddable":true,"href":"https:\/\/edizionicarrara.it\/en\/wp-json\/wp\/v2\/media\/3851"}],"wp:attachment":[{"href":"https:\/\/edizionicarrara.it\/en\/wp-json\/wp\/v2\/media?parent=3850"}],"wp:term":[{"taxonomy":"product_brand","embeddable":true,"href":"https:\/\/edizionicarrara.it\/en\/wp-json\/wp\/v2\/product_brand?post=3850"},{"taxonomy":"product_cat","embeddable":true,"href":"https:\/\/edizionicarrara.it\/en\/wp-json\/wp\/v2\/product_cat?post=3850"},{"taxonomy":"product_tag","embeddable":true,"href":"https:\/\/edizionicarrara.it\/en\/wp-json\/wp\/v2\/product_tag?post=3850"}],"curies":[{"name":"wp","href":"https:\/\/api.w.org\/{rel}","templated":true}]}}