{"id":548,"date":"1970-01-01T00:00:00","date_gmt":"1970-01-01T00:00:00","guid":{"rendered":"http:\/\/edizionicarrara.it\/?product=missa-dominicalis-a-cappella"},"modified":"2025-09-08T13:17:16","modified_gmt":"2025-09-08T13:17:16","slug":"missa-dominicalis-a-cappella","status":"publish","type":"product","link":"https:\/\/edizionicarrara.it\/en\/score\/missa-dominicalis-a-cappella\/","title":{"rendered":"Missa Dominicalis (a cappella)"},"content":{"rendered":"<p>Messa moderna della met\u00e0 degli anni &#8216; 60. Ma gi\u00e0 lo stile del compositore \u00e8 compiuto e consolidato tanto \u00e8 vero che nella revisione della attuale pubblicazione nulla \u00e8 stato toccato dall&#8217;autore. Per cori esigenti.<\/p>\n","protected":false},"excerpt":{"rendered":"<p>per coro a 4 voci S.C.T.B. in latino<\/p>\n","protected":false},"featured_media":549,"template":"","meta":{"_kad_blocks_custom_css":"","_kad_blocks_head_custom_js":"","_kad_blocks_body_custom_js":"","_kad_blocks_footer_custom_js":"","_kadence_starter_templates_imported_post":false,"_kad_post_transparent":"default","_kad_post_title":"","_kad_post_layout":"default","_kad_post_sidebar_id":"","_kad_post_content_style":"default","_kad_post_vertical_padding":"default","_kad_post_feature":"","_kad_post_feature_position":"","_kad_post_header":false,"_kad_post_footer":false,"_kad_post_classname":""},"product_brand":[],"product_cat":[20],"product_tag":[],"class_list":{"0":"post-548","1":"product","2":"type-product","3":"status-publish","4":"has-post-thumbnail","6":"product_cat-score","7":"pa_authorname-migliavacca-luciano","8":"pa_codeedition-ec4325","9":"pa_codeismn-m-2157-4325-0","10":"pa_contents-br","11":"pa_curator-migliavacca-lrossi-mvessia-gn","12":"pa_editor-carrara","13":"pa_genres-vocale-a-4-v","14":"pa_pages-119","15":"pa_publishyear-1011","16":"pa_series-polyphonia","17":"pa_subgenres-sacra-liturgica","18":"pa_versionculture-global","19":"pa_versionname-36","20":"post","22":"first","23":"instock","24":"shipping-taxable","25":"purchasable","26":"product-type-simple","27":"entry","28":"content-bg","29":"loop-entry"},"taxonomy_info":{"product_cat":[{"value":20,"label":"Partiture"}],"pa_authorname":[{"value":823,"label":"MIGLIAVACCA Luciano"}],"pa_codeedition":[{"value":1113,"label":"EC4325"}],"pa_codeismn":[{"value":1114,"label":"M-2157-4325-0"}],"pa_contents":[{"value":127,"label":"<br \/>"}],"pa_curator":[{"value":113,"label":"Migliavacca L.\/Rossi M.\/Vessia G.N."}],"pa_editor":[{"value":28,"label":"Carrara"}],"pa_genres":[{"value":87,"label":"Vocale a 4 v."}],"pa_pages":[{"value":119,"label":"32"}],"pa_publishyear":[{"value":1011,"label":"1998"}],"pa_series":[{"value":114,"label":"Polyphonia"}],"pa_subgenres":[{"value":72,"label":"Sacra Liturgica"}],"pa_versionculture":[{"value":37,"label":"Global"}],"pa_versionname":[{"value":36,"label":"01"}]},"featured_image_src_large":["https:\/\/edizionicarrara.it\/wp-content\/uploads\/nc\/images\/180-250-fix\/4838.jpeg",171,250,false],"author_info":[],"comment_info":"","_links":{"self":[{"href":"https:\/\/edizionicarrara.it\/en\/wp-json\/wp\/v2\/product\/548","targetHints":{"allow":["GET"]}}],"collection":[{"href":"https:\/\/edizionicarrara.it\/en\/wp-json\/wp\/v2\/product"}],"about":[{"href":"https:\/\/edizionicarrara.it\/en\/wp-json\/wp\/v2\/types\/product"}],"wp:featuredmedia":[{"embeddable":true,"href":"https:\/\/edizionicarrara.it\/en\/wp-json\/wp\/v2\/media\/549"}],"wp:attachment":[{"href":"https:\/\/edizionicarrara.it\/en\/wp-json\/wp\/v2\/media?parent=548"}],"wp:term":[{"taxonomy":"product_brand","embeddable":true,"href":"https:\/\/edizionicarrara.it\/en\/wp-json\/wp\/v2\/product_brand?post=548"},{"taxonomy":"product_cat","embeddable":true,"href":"https:\/\/edizionicarrara.it\/en\/wp-json\/wp\/v2\/product_cat?post=548"},{"taxonomy":"product_tag","embeddable":true,"href":"https:\/\/edizionicarrara.it\/en\/wp-json\/wp\/v2\/product_tag?post=548"}],"curies":[{"name":"wp","href":"https:\/\/api.w.org\/{rel}","templated":true}]}}