{"id":565,"date":"1970-01-01T00:00:00","date_gmt":"1970-01-01T00:00:00","guid":{"rendered":"http:\/\/edizionicarrara.it\/?product=lorganista-in-vacanza"},"modified":"1970-01-01T00:00:00","modified_gmt":"1970-01-01T00:00:00","slug":"lorganista-in-vacanza","status":"publish","type":"product","link":"https:\/\/edizionicarrara.it\/en\/score\/lorganista-in-vacanza\/","title":{"rendered":"L&#8217;Organista in vacanza"},"content":{"rendered":"<div>Chi vorr\u00e0 sfogliare le gustosissime \u201cfollie\u201d de \u201cL\u2019organista in vacanza\u201d che Zardini pubblic\u00f2 nel 1997, trover\u00e0 41 pagine di brani famosi che hanno fatto la storia di quella che comunemente chiamiamo \u201cmusica classica\u201d. Padre Terenzio diceva che queste trascrizioni erano un passatempo saporito, un cambio di menu&#8230;Dopo pranzi,\u00a0 a volte pesanti, a base di preludi, fughe, variazioni, toccate e passacaglie, all\u2019organista era \u201cconsigliato\u201d un assaggio pi\u00f9 leggero perch\u00e9 dare \u201cun\u2019occhiatina al vicino per vedere se la sua erba \u00e8 a volte pi\u00f9 verde e pi\u00f9 appetibile\u201d, pu\u00f2 decisamente essere un fatto positivamente \u201cdietetico\u201d. Tra autori medioevali, classici e romantici, de \u201cL\u2019organista in vacanza\u201d, spuntano le trascrizioni di Ravel, di Manuel de Falla, di Elgar, di Rodrigo e di Prokofiev.<\/div>\n","protected":false},"excerpt":{"rendered":"<p>Trascrizioni per organo di melodie celebri<\/p>\n","protected":false},"featured_media":566,"template":"","meta":{"_kad_blocks_custom_css":"","_kad_blocks_head_custom_js":"","_kad_blocks_body_custom_js":"","_kad_blocks_footer_custom_js":"","_kadence_starter_templates_imported_post":false,"_kad_post_transparent":"","_kad_post_title":"","_kad_post_layout":"","_kad_post_sidebar_id":"","_kad_post_content_style":"","_kad_post_vertical_padding":"","_kad_post_feature":"","_kad_post_feature_position":"","_kad_post_header":false,"_kad_post_footer":false,"_kad_post_classname":""},"product_brand":[],"product_cat":[20],"product_tag":[],"class_list":{"0":"post-565","1":"product","2":"type-product","3":"status-publish","4":"has-post-thumbnail","6":"product_cat-score","7":"pa_authorname-zardini-terenzio-1923-2000","8":"pa_codeedition-ec4310","9":"pa_codeismn-m-2157-4310-6","10":"pa_contents-madrigale-di-landino-francescoda-lorfeo-di-monteverdi-claudioave-maris-stella-di-monteverdi-cluadiodomine-deus-di-vivaldi-antoniola-pioggia-di-vivaldi-antonioii-tempo-da-lautunno-di-vi","11":"pa_editor-carrara","12":"pa_genres-organo-monografie-contemporaneo","13":"pa_pages-1139","14":"pa_publishyear-1123","15":"pa_versionculture-global","16":"pa_versionname-36","17":"post","19":"first","20":"instock","21":"shipping-taxable","22":"purchasable","23":"product-type-simple","24":"entry","25":"content-bg","26":"loop-entry"},"taxonomy_info":{"product_cat":[{"value":20,"label":"Partiture"}],"pa_authorname":[{"value":1138,"label":"ZARDINI Terenzio (1923-2000) "}],"pa_codeedition":[{"value":1140,"label":"EC4310"}],"pa_codeismn":[{"value":1141,"label":"M-2157-4310-6"}],"pa_contents":[{"value":1142,"label":"<div><strong>MADRIGALE<\/strong> di Landino Francesco<br\/>\r\n<strong>da \"L'ORFEO\"<\/strong> di Monteverdi Claudio<br\/>\r\n<strong>AVE MARIS STELLA<\/strong> di Monteverdi Cluadio<br\/>\r\n<strong>DOMINE DEUS<\/"}],"pa_editor":[{"value":28,"label":"Carrara"}],"pa_genres":[{"value":126,"label":"Organo Monografie Contemporaneo"}],"pa_pages":[{"value":1139,"label":"144"}],"pa_publishyear":[{"value":1123,"label":"1997"}],"pa_versionculture":[{"value":37,"label":"Global"}],"pa_versionname":[{"value":36,"label":"01"}]},"featured_image_src_large":["https:\/\/edizionicarrara.it\/wp-content\/uploads\/nc\/images\/180-250-fix\/2366.jpeg",172,250,false],"author_info":[],"comment_info":"","_links":{"self":[{"href":"https:\/\/edizionicarrara.it\/en\/wp-json\/wp\/v2\/product\/565","targetHints":{"allow":["GET"]}}],"collection":[{"href":"https:\/\/edizionicarrara.it\/en\/wp-json\/wp\/v2\/product"}],"about":[{"href":"https:\/\/edizionicarrara.it\/en\/wp-json\/wp\/v2\/types\/product"}],"wp:featuredmedia":[{"embeddable":true,"href":"https:\/\/edizionicarrara.it\/en\/wp-json\/wp\/v2\/media\/566"}],"wp:attachment":[{"href":"https:\/\/edizionicarrara.it\/en\/wp-json\/wp\/v2\/media?parent=565"}],"wp:term":[{"taxonomy":"product_brand","embeddable":true,"href":"https:\/\/edizionicarrara.it\/en\/wp-json\/wp\/v2\/product_brand?post=565"},{"taxonomy":"product_cat","embeddable":true,"href":"https:\/\/edizionicarrara.it\/en\/wp-json\/wp\/v2\/product_cat?post=565"},{"taxonomy":"product_tag","embeddable":true,"href":"https:\/\/edizionicarrara.it\/en\/wp-json\/wp\/v2\/product_tag?post=565"}],"curies":[{"name":"wp","href":"https:\/\/api.w.org\/{rel}","templated":true}]}}