{"id":6671,"date":"2024-03-04T08:22:18","date_gmt":"2024-03-04T08:22:18","guid":{"rendered":"https:\/\/edizionicarrara.it\/?post_type=product&#038;p=6671"},"modified":"2024-07-23T10:19:46","modified_gmt":"2024-07-23T10:19:46","slug":"lorganista-tesori-organistici-del-900-italiano-volume-singolo","status":"publish","type":"product","link":"https:\/\/edizionicarrara.it\/en\/riviste\/lorganista-tesori-organistici-del-900-italiano-volume-singolo\/","title":{"rendered":"L&#8217;Organista &#8211; Tesori organistici del &#8216;900 italiano &#8211; Volume Uno"},"content":{"rendered":"<div>Pubblicazioni semestrale di musica organistica che contiene sia repertorio liturgico che generico in cui vengono proposte miscellanee tematiche di brevi brani\u00a0 di facile o media difficolt\u00e0. La variegata proposta musicale viene selezionata tra composizioni di autori emergenti alternata a piccoli capolavori di affermati personaggi del mondo musicale europeo e a un\u2019importante selezione di pregevoli composizioni del repertorio storico e raro della rivista.<br aria-hidden=\"true\" \/>Testata di riferimento per tutti quei musicisti che necessitano composizioni per organo di pregiata qualit\u00e0 adatte sia per l\u2019esercizio della propria opera nella liturgia che, pi\u00f9 in generale, per l\u2019esecuzione organistica.<\/div>\n<div><\/div>\n<div><strong>Acquistare questa pubblicazione significa ricevere il volume singolo, uscito a febbraio 2024.\u00a0<\/strong><\/div>\n<div><\/div>\n<div>\n<p>Nel 2020 il gruppo editoriale Volont\u00e8 &amp; Co. acquisisce lo storico marchio editoriale Carrara, allargando cos\u00ec il proprio catalogo, che comprendeva gi\u00e0 i marchi Volont\u00e8, Rugginenti, Casa Musicale Eco e Lanaro. L\u2019operazione, finalizzata a dare continuit\u00e0 alla casa editrice fondata nel 1912 dal commendatore Vittorio Carrara, si concentra sia nella valorizzazione del repertorio storico Carrara che nella creazione di nuove prospettive artistiche, collaborando con autori di talento per la realizzazione di nuove composizioni.<\/p>\n<p><strong>Con l\u2019anno 2024 si decide di riunire le quattro riviste Carrara in due sole tipologie di pubblicazioni semestrali:\u00a0<i>Celebriamo<\/i>\u00a0e\u00a0<i>L\u2019Organista<\/i>. Queste nuove raccolte di repertorio, antologiche o monografiche, sono caratterizzate dalla presenza di quasi il\u00a0triplo di composizioni rispetto alle edizioni precedenti.<\/strong><\/p>\n<p class=\"x_elementToProof\">\u201cL\u2019ORGANISTA\u201d \u00e8 la nuova rivista di musica organistica edita dalla Volont\u00e8 che si pone in continuit\u00e0 con le precedenti riviste Carrara \u201cL\u2019Organo nella liturgia\u201d e \u201cOrganistica\u201d, e delle quali eredita contenuti e impostazioni musicali.<br \/>\n\u00c8 un contenitore in cui trovano spazio brani organistici per la liturgia, per elevazioni spirituali e per il concerto. Accanto a nuove composizioni e a nuove edizioni di repertorio organistico internazionale, trover\u00e0 posto la riproposizione di autentici tesori musicali italiani che, nel corso di pi\u00f9 di un secolo, le Edizioni Carrara hanno pubblicato e che possono e debbono giustamente essere (ri)scoperte anche a livello europeo.<\/p>\n<\/div>\n","protected":false},"excerpt":{"rendered":"<p>Volume singolo. Edizione 2024.<\/p>\n","protected":false},"featured_media":6479,"template":"","meta":{"_kad_blocks_custom_css":"","_kad_blocks_head_custom_js":"","_kad_blocks_body_custom_js":"","_kad_blocks_footer_custom_js":"","_kadence_starter_templates_imported_post":false,"_kad_post_transparent":"default","_kad_post_title":"","_kad_post_layout":"default","_kad_post_sidebar_id":"","_kad_post_content_style":"default","_kad_post_vertical_padding":"default","_kad_post_feature":"","_kad_post_feature_position":"","_kad_post_header":false,"_kad_post_footer":false,"_kad_post_classname":""},"product_brand":[],"product_cat":[24],"product_tag":[],"class_list":{"0":"post-6671","1":"product","2":"type-product","3":"status-publish","4":"has-post-thumbnail","6":"product_cat-magazine","7":"pa_authorname-carrara","8":"pa_codeedition-mag04","9":"pa_codeismn-m-2157-9998-9","10":"pa_editor-carrara","11":"pa_versionculture-global","12":"pa_versionname-36","13":"post","15":"first","16":"instock","17":"shipping-taxable","18":"purchasable","19":"product-type-simple","20":"entry","21":"content-bg","22":"loop-entry"},"taxonomy_info":{"product_cat":[{"value":24,"label":"Riviste"}],"pa_authorname":[{"value":4008,"label":"Carrara"}],"pa_codeedition":[{"value":4091,"label":"MAG04"}],"pa_codeismn":[{"value":4092,"label":"M-2157-9998-9"}],"pa_editor":[{"value":28,"label":"Carrara"}],"pa_versionculture":[{"value":37,"label":"Global"}],"pa_versionname":[{"value":36,"label":"01"}]},"featured_image_src_large":["https:\/\/edizionicarrara.it\/wp-content\/uploads\/1970\/01\/CAA5665-copertina-1-745x1024.jpg",745,1024,true],"author_info":[],"comment_info":"","_links":{"self":[{"href":"https:\/\/edizionicarrara.it\/en\/wp-json\/wp\/v2\/product\/6671","targetHints":{"allow":["GET"]}}],"collection":[{"href":"https:\/\/edizionicarrara.it\/en\/wp-json\/wp\/v2\/product"}],"about":[{"href":"https:\/\/edizionicarrara.it\/en\/wp-json\/wp\/v2\/types\/product"}],"wp:featuredmedia":[{"embeddable":true,"href":"https:\/\/edizionicarrara.it\/en\/wp-json\/wp\/v2\/media\/6479"}],"wp:attachment":[{"href":"https:\/\/edizionicarrara.it\/en\/wp-json\/wp\/v2\/media?parent=6671"}],"wp:term":[{"taxonomy":"product_brand","embeddable":true,"href":"https:\/\/edizionicarrara.it\/en\/wp-json\/wp\/v2\/product_brand?post=6671"},{"taxonomy":"product_cat","embeddable":true,"href":"https:\/\/edizionicarrara.it\/en\/wp-json\/wp\/v2\/product_cat?post=6671"},{"taxonomy":"product_tag","embeddable":true,"href":"https:\/\/edizionicarrara.it\/en\/wp-json\/wp\/v2\/product_tag?post=6671"}],"curies":[{"name":"wp","href":"https:\/\/api.w.org\/{rel}","templated":true}]}}