{"id":7147,"date":"2024-07-23T10:15:16","date_gmt":"2024-07-23T10:15:16","guid":{"rendered":"https:\/\/edizionicarrara.it\/?post_type=product&#038;p=7147"},"modified":"2026-01-19T10:10:29","modified_gmt":"2026-01-19T10:10:29","slug":"celebriamo-volume-due","status":"publish","type":"product","link":"https:\/\/edizionicarrara.it\/en\/riviste\/celebriamo-volume-due\/","title":{"rendered":"Celebriamo &#8211; Volume Due"},"content":{"rendered":"<div>Pubblicazione periodica di musica sacra vocale per il servizio liturgico.<br \/>\nOgni semestre\u00a0 vengono proposti, sottoforma di raccolte tematiche, brevi canti in lingua italiana o latina con o senza accompagnamento d\u2019organo ad uso delle Assemblee e delle Corali liturgiche.<br \/>\nLe composizioni sono selezionate tra il ricco patrimonio compositivo sacro contemporaneo sia italiano che europeo e il pregevole repertorio repertorio storico e raro della rivista.<\/div>\n<div>Nell\u2019approssimarsi del quinto anniversario della morte, avvenuta a Milano il 23 Dicembre 2019, esce come secondo numero della nuova rivista Celebriamo questo \u201cREQUIEM PER VESSIA\u201d, un tributo alla memoria di Gian Nicola Vessia (1949-2019), storico direttore delle riviste Carrara. \u00c8 il dovere della riconoscenza che ha spinto diversi musicisti, suoi amici, estimatori e collaboratori, a comporre questa raccolta nella forma di una Messa da requiem, pi\u00f9 un\u2019antologia che un\u2019opera unitaria. Di unitario<br \/>\nc\u2019\u00e8 il cordoglio che diviene fonte di ispirazione; l\u2019insieme dei testi, tratti dalla Liturgia dei Defunti e dalla Sacra Scrittura, in lingua latina, disposti a formare un Proprio da utilizzare a piacimento, per la celebrazione o per il concerto spirituale. Un omaggio<br \/>\nalla sua persona e alla bellezza della liturgia. Un \u201cmosaico musicale\u201d realizzato a pi\u00f9 mani per ricordare degnamente un uomo di raffinata cultura, amante della pluralit\u00e0 delle voci, della variet\u00e0 delle proposte, della creativit\u00e0 musicale in tutte le sue molteplici sfumature.<\/div>\n<div><\/div>\n<div><strong>Acquistare questa pubblicazione significa ricevere solo il secondo volume, uscito a giugno 2024.\u00a0<\/strong><\/div>\n<div><\/div>\n<div>\n<p>Nel 2020 il gruppo editoriale Volont\u00e8 &amp; Co. acquisisce lo storico marchio editoriale Carrara, allargando cos\u00ec il proprio catalogo, che comprendeva gi\u00e0 i marchi Volont\u00e8, Rugginenti, Casa Musicale Eco e Lanaro. L\u2019operazione, finalizzata a dare continuit\u00e0\u00a0alla casa editrice fondata nel 1912 dal commendatore\u00a0Vittorio Carrara, si concentra sia\u00a0nella valorizzazione del repertorio storico\u00a0Carrara che nella creazione di nuove prospettive artistiche, collaborando con autori di talento per la realizzazione di nuove composizioni.<\/p>\n<p class=\"x_elementToProof\"><strong>Con l\u2019anno 2024 si decide di riunire le quattro riviste Carrara in due sole tipologie di pubblicazioni semestrali:\u00a0<i>Celebriamo<\/i>\u00a0e\u00a0<i>L\u2019Organista<\/i>.<\/strong> Queste nuove raccolte di repertorio, antologiche o monografiche, sono caratterizzate dalla presenza di quasi il\u00a0triplo di composizioni rispetto alle edizioni precedenti.<\/p>\n<p class=\"x_elementToProof\">\u201cCELEBRIAMO\u201d \u00e8 la nuova antologia di musica sacra edita da Volont\u00e8 che si pone in continuit\u00e0 con le riviste Carrara, l\u2019omonima\u00a0<i>Celebriamo<\/i>\u00a0e\u00a0<i>Polyphonia<\/i>, e dalle\u00a0quali eredita contenuti e impostazione liturgico-musicale. \u00c8 un grande contenitore in cui trovano spazio brani in latino e italiano, per coro a diversi organici, a cappella o con accompagnamento organistico, con e senza interventi dell\u2019assemblea.<\/p>\n<p class=\"x_elementToProof\">\n<\/div>\n","protected":false},"excerpt":{"rendered":"<p>Pubblicazione periodica di musica sacra vocale per il servizio liturgico. Ogni semestre\u00a0 vengono proposti, sottoforma di raccolte tematiche, brevi canti in lingua italiana o latina con o senza accompagnamento d\u2019organo ad uso delle Assemblee e delle Corali liturgiche. Le composizioni sono selezionate tra il ricco patrimonio compositivo sacro contemporaneo sia italiano che europeo e il&#8230;<\/p>\n","protected":false},"featured_media":7148,"template":"","meta":{"_kad_blocks_custom_css":"","_kad_blocks_head_custom_js":"","_kad_blocks_body_custom_js":"","_kad_blocks_footer_custom_js":"","_kadence_starter_templates_imported_post":false,"_kad_post_transparent":"default","_kad_post_title":"","_kad_post_layout":"default","_kad_post_sidebar_id":"","_kad_post_content_style":"default","_kad_post_vertical_padding":"default","_kad_post_feature":"","_kad_post_feature_position":"","_kad_post_header":false,"_kad_post_footer":false,"_kad_post_classname":""},"product_brand":[],"product_cat":[24],"product_tag":[7304],"class_list":{"0":"post-7147","1":"product","2":"type-product","3":"status-publish","4":"has-post-thumbnail","6":"product_cat-magazine","7":"product_tag-home","8":"post","10":"first","11":"instock","12":"shipping-taxable","13":"purchasable","14":"product-type-simple","15":"entry","16":"content-bg","17":"loop-entry"},"taxonomy_info":{"product_cat":[{"value":24,"label":"Riviste"}],"product_tag":[{"value":7304,"label":"home"}]},"featured_image_src_large":["https:\/\/edizionicarrara.it\/wp-content\/uploads\/2024\/02\/CAA5670-748x1024.jpg",748,1024,true],"author_info":[],"comment_info":"","_links":{"self":[{"href":"https:\/\/edizionicarrara.it\/en\/wp-json\/wp\/v2\/product\/7147","targetHints":{"allow":["GET"]}}],"collection":[{"href":"https:\/\/edizionicarrara.it\/en\/wp-json\/wp\/v2\/product"}],"about":[{"href":"https:\/\/edizionicarrara.it\/en\/wp-json\/wp\/v2\/types\/product"}],"wp:featuredmedia":[{"embeddable":true,"href":"https:\/\/edizionicarrara.it\/en\/wp-json\/wp\/v2\/media\/7148"}],"wp:attachment":[{"href":"https:\/\/edizionicarrara.it\/en\/wp-json\/wp\/v2\/media?parent=7147"}],"wp:term":[{"taxonomy":"product_brand","embeddable":true,"href":"https:\/\/edizionicarrara.it\/en\/wp-json\/wp\/v2\/product_brand?post=7147"},{"taxonomy":"product_cat","embeddable":true,"href":"https:\/\/edizionicarrara.it\/en\/wp-json\/wp\/v2\/product_cat?post=7147"},{"taxonomy":"product_tag","embeddable":true,"href":"https:\/\/edizionicarrara.it\/en\/wp-json\/wp\/v2\/product_tag?post=7147"}],"curies":[{"name":"wp","href":"https:\/\/api.w.org\/{rel}","templated":true}]}}