{"id":7155,"date":"2024-07-25T08:44:20","date_gmt":"2024-07-25T08:44:20","guid":{"rendered":"https:\/\/edizionicarrara.it\/?post_type=product&#038;p=7155"},"modified":"2026-02-04T12:18:15","modified_gmt":"2026-02-04T12:18:15","slug":"celebriamo-abbonamento-2025","status":"publish","type":"product","link":"https:\/\/edizionicarrara.it\/en\/senza-categoria\/celebriamo-abbonamento-2025\/","title":{"rendered":"Celebriamo &#8211; Abbonamento 2025"},"content":{"rendered":"<div>Pubblicazione periodica di musica sacra vocale per il servizio liturgico.<br \/>\nOgni semestre\u00a0 vengono proposti, sottoforma di raccolte tematiche, brevi canti in lingua italiana o latina con o senza accompagnamento d\u2019organo ad uso delle Assemblee e delle Corali liturgiche.<br \/>\nLe composizioni sono selezionate tra il ricco patrimonio compositivo sacro contemporaneo sia italiano che europeo e il pregevole repertorio repertorio storico e raro della rivista.<\/div>\n<div><\/div>\n<div><strong>Acquistare questa pubblicazione significa ricevere il primo volume a novembre 2024 e il secondo volume a maggio 2025.\u00a0<\/strong><\/div>\n<div><\/div>\n<div>\n<p>Nel 2020 il gruppo editoriale Volont\u00e8 &amp; Co. acquisisce lo storico marchio editoriale Carrara, allargando cos\u00ec il proprio catalogo, che comprendeva gi\u00e0 i marchi Volont\u00e8, Rugginenti, Casa Musicale Eco e Lanaro. L\u2019operazione, finalizzata a dare continuit\u00e0\u00a0alla casa editrice fondata nel 1912 dal commendatore\u00a0Vittorio Carrara, si concentra sia\u00a0nella valorizzazione del repertorio storico\u00a0Carrara che nella creazione di nuove prospettive artistiche, collaborando con autori di talento per la realizzazione di nuove composizioni.<\/p>\n<p class=\"x_elementToProof\"><strong>Con l\u2019anno 2024 si decide di riunire le quattro riviste Carrara in due sole tipologie di pubblicazioni semestrali:\u00a0<i>Celebriamo<\/i>\u00a0e\u00a0<i>L\u2019Organista<\/i>.<\/strong> Queste nuove raccolte di repertorio, antologiche o monografiche, sono caratterizzate dalla presenza di quasi il\u00a0triplo di composizioni rispetto alle edizioni precedenti.<\/p>\n<p class=\"x_elementToProof\">\u201cCELEBRIAMO\u201d \u00e8 la nuova antologia di musica sacra edita da Volont\u00e8 che si pone in continuit\u00e0 con le riviste Carrara, l\u2019omonima\u00a0<i>Celebriamo<\/i>\u00a0e\u00a0<i>Polyphonia<\/i>, e dalle\u00a0quali eredita contenuti e impostazione liturgico-musicale. \u00c8 un grande contenitore in cui trovano spazio brani in latino e italiano, per coro a diversi organici, a cappella o con accompagnamento organistico, con e senza interventi dell\u2019assemblea.<\/p>\n<p class=\"x_elementToProof\">\n<\/div>\n","protected":false},"excerpt":{"rendered":"<p><strong>Rivista Semestrale<\/strong> di musica vocale liturgica (<strong>2 numeri all&#8217;anno<\/strong>). Edizione 2025.<\/p>\n","protected":false},"featured_media":7156,"template":"","meta":{"_kad_blocks_custom_css":"","_kad_blocks_head_custom_js":"","_kad_blocks_body_custom_js":"","_kad_blocks_footer_custom_js":"","_kadence_starter_templates_imported_post":false,"_kad_post_transparent":"default","_kad_post_title":"","_kad_post_layout":"default","_kad_post_sidebar_id":"","_kad_post_content_style":"default","_kad_post_vertical_padding":"default","_kad_post_feature":"","_kad_post_feature_position":"","_kad_post_header":false,"_kad_post_footer":false,"_kad_post_classname":""},"product_brand":[],"product_cat":[7297],"product_tag":[],"class_list":{"0":"post-7155","1":"product","2":"type-product","3":"status-publish","4":"has-post-thumbnail","6":"product_cat-uncategorized","7":"pa_authorname-carrara","8":"pa_codeedition-mag03","9":"pa_codeismn-m-2157-9999-9","10":"pa_editor-carrara","11":"pa_versionculture-global","12":"pa_versionname-36","13":"post","15":"first","16":"instock","17":"shipping-taxable","18":"purchasable","19":"product-type-simple","20":"entry","21":"content-bg","22":"loop-entry"},"taxonomy_info":{"product_cat":[{"value":7297,"label":"Uncategorized"}],"pa_authorname":[{"value":4008,"label":"Carrara"}],"pa_codeedition":[{"value":4088,"label":"MAG03"}],"pa_codeismn":[{"value":4089,"label":"M-2157-9999-9"}],"pa_editor":[{"value":28,"label":"Carrara"}],"pa_versionculture":[{"value":37,"label":"Global"}],"pa_versionname":[{"value":36,"label":"01"}]},"featured_image_src_large":["https:\/\/edizionicarrara.it\/wp-content\/uploads\/2024\/07\/ABBONAMENTO-2025-724x1024.jpg",724,1024,true],"author_info":[],"comment_info":"","_links":{"self":[{"href":"https:\/\/edizionicarrara.it\/en\/wp-json\/wp\/v2\/product\/7155","targetHints":{"allow":["GET"]}}],"collection":[{"href":"https:\/\/edizionicarrara.it\/en\/wp-json\/wp\/v2\/product"}],"about":[{"href":"https:\/\/edizionicarrara.it\/en\/wp-json\/wp\/v2\/types\/product"}],"wp:featuredmedia":[{"embeddable":true,"href":"https:\/\/edizionicarrara.it\/en\/wp-json\/wp\/v2\/media\/7156"}],"wp:attachment":[{"href":"https:\/\/edizionicarrara.it\/en\/wp-json\/wp\/v2\/media?parent=7155"}],"wp:term":[{"taxonomy":"product_brand","embeddable":true,"href":"https:\/\/edizionicarrara.it\/en\/wp-json\/wp\/v2\/product_brand?post=7155"},{"taxonomy":"product_cat","embeddable":true,"href":"https:\/\/edizionicarrara.it\/en\/wp-json\/wp\/v2\/product_cat?post=7155"},{"taxonomy":"product_tag","embeddable":true,"href":"https:\/\/edizionicarrara.it\/en\/wp-json\/wp\/v2\/product_tag?post=7155"}],"curies":[{"name":"wp","href":"https:\/\/api.w.org\/{rel}","templated":true}]}}