{"id":7487,"date":"2025-01-24T08:35:09","date_gmt":"2025-01-24T08:35:09","guid":{"rendered":"https:\/\/edizionicarrara.it\/?post_type=product&#038;p=7487"},"modified":"2025-01-29T11:34:26","modified_gmt":"2025-01-29T11:34:26","slug":"storia-del-canto-gregoriano","status":"publish","type":"product","link":"https:\/\/edizionicarrara.it\/en\/book\/storia-del-canto-gregoriano\/","title":{"rendered":"STORIA DEL CANTO GREGORIANO"},"content":{"rendered":"<p>Il libro <em>La Storia del Canto Gregoriano<\/em> si concentra sulla storia e sull\u2019evoluzione del canto liturgico, in particolare del canto gregoriano, che ha avuto un ruolo fondamentale nella musica sacra della Chiesa. Si parte dall&#8217;inizio del cristianesimo, quando i salmi e gli inni venivano cantati quotidianamente, e traccia l&#8217;evoluzione della musica sacra, arrivando all&#8217;opera di San Gregorio Magno, che riorganizz\u00f2 e sistematizz\u00f2 il canto sacro, introducendo il &#8220;canto gregoriano&#8221; come patrimonio della Chiesa.<\/p>\n<p>Il libro esplora come, a partire dall&#8217;VIII secolo, il canto gregoriano si diffuse in tutta l\u2019Europa cristiana e si arricch\u00ec di nuove forme e melodie. Tuttavia, in seguito, la Chiesa dovette affrontare diverse contaminazioni di carattere profano nella musica sacra, che furono contrastate con determinazione da vari pontefici, come Pio X, che nel 1903 avvi\u00f2 una riforma per restaurare il canto gregoriano e garantirne la purezza.<\/p>\n<p>L\u2019autore dedica anche attenzione alla definizione della musica sacra come &#8220;santa&#8221; e &#8220;universale&#8221;, rispettando le tradizioni liturgiche e sottolineando l\u2019importanza di mantenere la sacralit\u00e0 del repertorio musicale. Moretti mette in evidenza la necessit\u00e0 di conservare il canto gregoriano e di farne partecipe la comunit\u00e0 ecclesiastica, in modo che le nuove composizioni possano integrarsi degnamente con le tradizioni secolari.<\/p>\n<p>Il libro \u00e8 diviso in tre sezioni principali: la prima riguarda il canto liturgico nell&#8217;antichit\u00e0, la seconda tratta dei tempi moderni del canto gregoriano, e la terza analizza l\u2019evoluzione del canto liturgico dopo il Concilio Vaticano II. L\u2019autore, pur omettendo alcune questioni pi\u00f9 specifiche, si propone di offrire un quadro completo e sintetico delle vicissitudini storiche del canto liturgico, con l\u2019obiettivo di fornire un&#8217;analisi chiara della musica che accompagna il culto cristiano come preghiera che canta e canto che prega.<\/p>\n<p>&nbsp;<\/p>\n<p><strong>Indice completo:<\/strong><\/p>\n<p>I pagani e la musica sacra<br \/>\nLa musica sacra e il Vecchio Testamento<br \/>\nLa musica sacra nel Nuovo Testamento<br \/>\nLa romana cantilena nelle sue origini<br \/>\nl&#8217;opera di San Gregorio Magno<br \/>\nDiffusione del canto gregoriano<br \/>\nDatazione dei diversi canti<br \/>\nGuido Pomposiano<br \/>\nUn lungo periodo di decadenza<br \/>\nIl &#8220;Motu Proprio&#8221; di San Pio X<br \/>\nRatisbona e Solesmes<br \/>\nDopo San Pio X<br \/>\nLa musica sacra nella Costituzione &#8220;De Sacra Liturgia&#8221;<br \/>\nLa musica sacra dopo il Concilio<br \/>\nIl canto gregoriano in Italia<br \/>\nAnalisi estetico-modale del canto gregoriano<br \/>\nArmonizzazione della monodia sacra: si&#8230;.o no?<br \/>\nDirezione del canto gregoriano<br \/>\nLa spiritualit\u00e0 del canto gregoriano<\/p>\n<p>&nbsp;<\/p>\n<p><strong>L&#8217;Autore:\u00a0<\/strong><\/p>\n<p>Alfredo Pellegrino Ernetti, Uomo di notevole erudizione e filosofo, fu un esperto di musica e di storia della musica antica in particolare. Fu monaco benedettino presso l&#8217;Abbazia di San Giorgio Maggiore a Venezia. Presso l&#8217;abbazia ha sede l&#8217;Istituto di prepolifonia (fino a poco tempo fa l&#8217;unico esistente al mondo), dove fin dal 1963 Ernetti ha insegnato prepolifonia, ovvero la musica antica anteriore alle notazioni. Dal convento Santa Cecilia di Roma ha avuto la nomina a direttore nazionale del segretariato degli studi religiosi maschili d&#8217;Italia per la musica sacra. Fu anche collaboratore di Padre Agostino Gemelli presso il Laboratorio di Fisica dell\u2019Universit\u00e0 Cattolica del Sacro Cuore di Milano.<\/p>\n","protected":false},"excerpt":{"rendered":"<p>Il libro La Storia del Canto Gregoriano si concentra sulla storia e sull\u2019evoluzione del canto liturgico, in particolare del canto gregoriano, che ha avuto un ruolo fondamentale nella musica sacra della Chiesa. Si parte dall&#8217;inizio del cristianesimo, quando i salmi e gli inni venivano cantati quotidianamente, e traccia l&#8217;evoluzione della musica sacra, arrivando all&#8217;opera di&#8230;<\/p>\n","protected":false},"featured_media":7488,"template":"","meta":{"_kad_blocks_custom_css":"","_kad_blocks_head_custom_js":"","_kad_blocks_body_custom_js":"","_kad_blocks_footer_custom_js":"","_kadence_starter_templates_imported_post":false,"_kad_post_transparent":"default","_kad_post_title":"","_kad_post_layout":"default","_kad_post_sidebar_id":"","_kad_post_content_style":"default","_kad_post_vertical_padding":"default","_kad_post_feature":"","_kad_post_feature_position":"","_kad_post_header":false,"_kad_post_footer":false,"_kad_post_classname":""},"product_brand":[],"product_cat":[23],"product_tag":[7304],"class_list":{"0":"post-7487","1":"product","2":"type-product","3":"status-publish","4":"has-post-thumbnail","6":"product_cat-book","7":"product_tag-home","8":"post","10":"first","11":"instock","12":"shipping-taxable","13":"purchasable","14":"product-type-simple","15":"entry","16":"content-bg","17":"loop-entry"},"taxonomy_info":{"product_cat":[{"value":23,"label":"Libri"}],"product_tag":[{"value":7304,"label":"home"}]},"featured_image_src_large":["https:\/\/edizionicarrara.it\/wp-content\/uploads\/2025\/01\/EME1990-726x1024.jpg",726,1024,true],"author_info":[],"comment_info":"","_links":{"self":[{"href":"https:\/\/edizionicarrara.it\/en\/wp-json\/wp\/v2\/product\/7487","targetHints":{"allow":["GET"]}}],"collection":[{"href":"https:\/\/edizionicarrara.it\/en\/wp-json\/wp\/v2\/product"}],"about":[{"href":"https:\/\/edizionicarrara.it\/en\/wp-json\/wp\/v2\/types\/product"}],"wp:featuredmedia":[{"embeddable":true,"href":"https:\/\/edizionicarrara.it\/en\/wp-json\/wp\/v2\/media\/7488"}],"wp:attachment":[{"href":"https:\/\/edizionicarrara.it\/en\/wp-json\/wp\/v2\/media?parent=7487"}],"wp:term":[{"taxonomy":"product_brand","embeddable":true,"href":"https:\/\/edizionicarrara.it\/en\/wp-json\/wp\/v2\/product_brand?post=7487"},{"taxonomy":"product_cat","embeddable":true,"href":"https:\/\/edizionicarrara.it\/en\/wp-json\/wp\/v2\/product_cat?post=7487"},{"taxonomy":"product_tag","embeddable":true,"href":"https:\/\/edizionicarrara.it\/en\/wp-json\/wp\/v2\/product_tag?post=7487"}],"curies":[{"name":"wp","href":"https:\/\/api.w.org\/{rel}","templated":true}]}}