{"id":7963,"date":"2025-08-08T18:44:25","date_gmt":"2025-08-08T18:44:25","guid":{"rendered":"https:\/\/edizionicarrara.it\/?post_type=product&#038;p=7963"},"modified":"2026-01-21T10:56:06","modified_gmt":"2026-01-21T10:56:06","slug":"celebriamo-volume-tre","status":"publish","type":"product","link":"https:\/\/edizionicarrara.it\/en\/riviste\/celebriamo-volume-tre\/","title":{"rendered":"CELEBRIAMO &#8211; VOLUME TRE"},"content":{"rendered":"<p>Autore: <strong>Giacomo Mezzalira<\/strong><\/p>\n<p><strong>Tribus Vocibus III<\/strong> conclude la trilogia di mottetti a tre voci miste ideata da Giacomo Mezzalira per i cori parrocchiali. Pensata per formazioni con organici ridotti, questa raccolta risponde alle esigenze di una liturgia pi\u00f9 agile, offrendo brani adatti a momenti specifici dell\u2019anno liturgico. Il volume mantiene i consueti tre livelli di difficolt\u00e0, permettendo ai direttori di coro di adattare l\u2019esecuzione alle capacit\u00e0 del proprio ensemble. Un elemento distintivo di questa pubblicazione \u00e8 la disponibilit\u00e0 online di trenta tracce audio, registrate da dodici formazioni corali sotto la guida di stimati direttori. Queste registrazioni, accessibili su YouTube, offrono un supporto pratico per l\u2019apprendimento e l\u2019interpretazione dei mottetti. Il progetto, sostenuto dalle Edizioni Carrara, rappresenta un significativo contributo alla musica liturgica contemporanea, unendo rigore compositivo e sensibilit\u00e0 pastorale.<\/p>\n<div><strong>Acquistare questa pubblicazione significa ricevere solo il terzo volume, uscito a Maggio 2025.\u00a0<\/strong><\/div>\n<div><\/div>\n<div>\n<p>Nel 2020 il gruppo editoriale Volont\u00e8 &amp; Co. acquisisce lo storico marchio editoriale Carrara, allargando cos\u00ec il proprio catalogo, che comprendeva gi\u00e0 i marchi Volont\u00e8, Rugginenti, Casa Musicale Eco e Lanaro. L\u2019operazione, finalizzata a dare continuit\u00e0\u00a0alla casa editrice fondata nel 1912 dal commendatore\u00a0Vittorio Carrara, si concentra sia\u00a0nella valorizzazione del repertorio storico\u00a0Carrara che nella creazione di nuove prospettive artistiche, collaborando con autori di talento per la realizzazione di nuove composizioni.<\/p>\n<\/div>\n","protected":false},"excerpt":{"rendered":"<p>Autore: Giacomo Mezzalira Tribus Vocibus III conclude la trilogia di mottetti a tre voci miste ideata da Giacomo Mezzalira per i cori parrocchiali. Pensata per formazioni con organici ridotti, questa raccolta risponde alle esigenze di una liturgia pi\u00f9 agile, offrendo brani adatti a momenti specifici dell\u2019anno liturgico. Il volume mantiene i consueti tre livelli di&#8230;<\/p>\n","protected":false},"featured_media":7964,"template":"","meta":{"_kad_blocks_custom_css":"","_kad_blocks_head_custom_js":"","_kad_blocks_body_custom_js":"","_kad_blocks_footer_custom_js":"","_kadence_starter_templates_imported_post":false,"_kad_post_transparent":"default","_kad_post_title":"","_kad_post_layout":"default","_kad_post_sidebar_id":"","_kad_post_content_style":"default","_kad_post_vertical_padding":"default","_kad_post_feature":"","_kad_post_feature_position":"","_kad_post_header":false,"_kad_post_footer":false,"_kad_post_classname":""},"product_brand":[],"product_cat":[24],"product_tag":[7304],"class_list":{"0":"post-7963","1":"product","2":"type-product","3":"status-publish","4":"has-post-thumbnail","6":"product_cat-magazine","7":"product_tag-home","8":"pa_editor-carrara","9":"post","11":"first","12":"instock","13":"shipping-taxable","14":"purchasable","15":"product-type-simple","16":"entry","17":"content-bg","18":"loop-entry"},"taxonomy_info":{"product_cat":[{"value":24,"label":"Riviste"}],"product_tag":[{"value":7304,"label":"home"}],"pa_editor":[{"value":28,"label":"Carrara"}]},"featured_image_src_large":["https:\/\/edizionicarrara.it\/wp-content\/uploads\/2025\/08\/CAA5672-755x1024.jpg",755,1024,true],"author_info":[],"comment_info":"","_links":{"self":[{"href":"https:\/\/edizionicarrara.it\/en\/wp-json\/wp\/v2\/product\/7963","targetHints":{"allow":["GET"]}}],"collection":[{"href":"https:\/\/edizionicarrara.it\/en\/wp-json\/wp\/v2\/product"}],"about":[{"href":"https:\/\/edizionicarrara.it\/en\/wp-json\/wp\/v2\/types\/product"}],"wp:featuredmedia":[{"embeddable":true,"href":"https:\/\/edizionicarrara.it\/en\/wp-json\/wp\/v2\/media\/7964"}],"wp:attachment":[{"href":"https:\/\/edizionicarrara.it\/en\/wp-json\/wp\/v2\/media?parent=7963"}],"wp:term":[{"taxonomy":"product_brand","embeddable":true,"href":"https:\/\/edizionicarrara.it\/en\/wp-json\/wp\/v2\/product_brand?post=7963"},{"taxonomy":"product_cat","embeddable":true,"href":"https:\/\/edizionicarrara.it\/en\/wp-json\/wp\/v2\/product_cat?post=7963"},{"taxonomy":"product_tag","embeddable":true,"href":"https:\/\/edizionicarrara.it\/en\/wp-json\/wp\/v2\/product_tag?post=7963"}],"curies":[{"name":"wp","href":"https:\/\/api.w.org\/{rel}","templated":true}]}}