{"id":7966,"date":"2025-08-08T18:47:45","date_gmt":"2025-08-08T18:47:45","guid":{"rendered":"https:\/\/edizionicarrara.it\/?post_type=product&#038;p=7966"},"modified":"2026-01-21T10:58:06","modified_gmt":"2026-01-21T10:58:06","slug":"lorganista-volume-tre","status":"publish","type":"product","link":"https:\/\/edizionicarrara.it\/en\/riviste\/lorganista-volume-tre\/","title":{"rendered":"L&#8217;ORGANISTA &#8211; VOLUME TRE"},"content":{"rendered":"<p>Autori: <strong>Matteo Enrico Balatti &amp; Gilberto Sessantini<\/strong><\/p>\n<p>La Messa \u00e8 da sempre uno dei momenti liturgici in cui l\u2019organo ha potuto esprimere in modo pi\u00f9 profondo la propria identit\u00e0 artistica. Da questo contesto nasce la Messa come forma musicale, capace, nel corso dei secoli, di accompagnare e arricchire la celebrazione in diverse tradizioni cristiane.<\/p>\n<p>Questa raccolta di messe per l\u2019anno liturgico, proposta in una veste grafica dal sapore nostalgico, non \u00e8 solo un omaggio alla storia, ma anche uno stimolo alla riscoperta e alla riattualizzazione di un repertorio ricco di significato spirituale e musicale.<\/p>\n<p>I brani inclusi, firmati da alcuni dei pi\u00f9 importanti autori pubblicati da Carrara \u2013 Luigi Picchi, Massimo Nosetti, Valentino Donella, Luigi Molfino, Luciano Migliavacca, Emilio Traverso e Alberto Patron \u2014 rappresentano voci significative della musica sacra italiana del Novecento e oltre. Un invito a riascoltare, rileggere e reintrodurre queste opere come\u00a0 espressione viva di arte e fede.<\/p>\n<div><strong>Acquistare questa pubblicazione significa ricevere solo il terzo volume, uscito a Maggio 2025.\u00a0<\/strong><\/div>\n<div><\/div>\n<div>\n<p>Nel 2020 il gruppo editoriale Volont\u00e8 &amp; Co. acquisisce lo storico marchio editoriale Carrara, allargando cos\u00ec il proprio catalogo, che comprendeva gi\u00e0 i marchi Volont\u00e8, Rugginenti, Casa Musicale Eco e Lanaro. L\u2019operazione, finalizzata a dare continuit\u00e0\u00a0alla casa editrice fondata nel 1912 dal commendatore\u00a0Vittorio Carrara, si concentra sia\u00a0nella valorizzazione del repertorio storico\u00a0Carrara che nella creazione di nuove prospettive artistiche, collaborando con autori di talento per la realizzazione di nuove composizioni.<\/p>\n<\/div>\n","protected":false},"excerpt":{"rendered":"<p>Autori: Matteo Enrico Balatti &amp; Gilberto Sessantini La Messa \u00e8 da sempre uno dei momenti liturgici in cui l\u2019organo ha potuto esprimere in modo pi\u00f9 profondo la propria identit\u00e0 artistica. Da questo contesto nasce la Messa come forma musicale, capace, nel corso dei secoli, di accompagnare e arricchire la celebrazione in diverse tradizioni cristiane. Questa&#8230;<\/p>\n","protected":false},"featured_media":7967,"template":"","meta":{"_kad_blocks_custom_css":"","_kad_blocks_head_custom_js":"","_kad_blocks_body_custom_js":"","_kad_blocks_footer_custom_js":"","_kadence_starter_templates_imported_post":false,"_kad_post_transparent":"default","_kad_post_title":"","_kad_post_layout":"default","_kad_post_sidebar_id":"","_kad_post_content_style":"default","_kad_post_vertical_padding":"default","_kad_post_feature":"","_kad_post_feature_position":"","_kad_post_header":false,"_kad_post_footer":false,"_kad_post_classname":""},"product_brand":[],"product_cat":[24],"product_tag":[7304],"class_list":{"0":"post-7966","1":"product","2":"type-product","3":"status-publish","4":"has-post-thumbnail","6":"product_cat-magazine","7":"product_tag-home","8":"pa_editor-carrara","9":"post","11":"first","12":"instock","13":"shipping-taxable","14":"purchasable","15":"product-type-simple","16":"entry","17":"content-bg","18":"loop-entry"},"taxonomy_info":{"product_cat":[{"value":24,"label":"Riviste"}],"product_tag":[{"value":7304,"label":"home"}],"pa_editor":[{"value":28,"label":"Carrara"}]},"featured_image_src_large":["https:\/\/edizionicarrara.it\/wp-content\/uploads\/2025\/08\/CAA5673-756x1024.jpg",756,1024,true],"author_info":[],"comment_info":"","_links":{"self":[{"href":"https:\/\/edizionicarrara.it\/en\/wp-json\/wp\/v2\/product\/7966","targetHints":{"allow":["GET"]}}],"collection":[{"href":"https:\/\/edizionicarrara.it\/en\/wp-json\/wp\/v2\/product"}],"about":[{"href":"https:\/\/edizionicarrara.it\/en\/wp-json\/wp\/v2\/types\/product"}],"wp:featuredmedia":[{"embeddable":true,"href":"https:\/\/edizionicarrara.it\/en\/wp-json\/wp\/v2\/media\/7967"}],"wp:attachment":[{"href":"https:\/\/edizionicarrara.it\/en\/wp-json\/wp\/v2\/media?parent=7966"}],"wp:term":[{"taxonomy":"product_brand","embeddable":true,"href":"https:\/\/edizionicarrara.it\/en\/wp-json\/wp\/v2\/product_brand?post=7966"},{"taxonomy":"product_cat","embeddable":true,"href":"https:\/\/edizionicarrara.it\/en\/wp-json\/wp\/v2\/product_cat?post=7966"},{"taxonomy":"product_tag","embeddable":true,"href":"https:\/\/edizionicarrara.it\/en\/wp-json\/wp\/v2\/product_tag?post=7966"}],"curies":[{"name":"wp","href":"https:\/\/api.w.org\/{rel}","templated":true}]}}